{"id":946,"date":"2024-10-22T09:47:37","date_gmt":"2024-10-22T07:47:37","guid":{"rendered":"http:\/\/82amperios.disstintbeta.com\/demana-la-teva-comparativa\/"},"modified":"2024-11-20T10:30:37","modified_gmt":"2024-11-20T09:30:37","slug":"demana-la-teva-comparativa","status":"publish","type":"page","link":"https:\/\/82amperios.com\/ca\/demana-la-teva-comparativa\/","title":{"rendered":"Demana la teva comparativa"},"content":{"rendered":"\t\t<div data-elementor-type=\"wp-page\" data-elementor-id=\"946\" class=\"elementor elementor-946 elementor-373\" data-elementor-post-type=\"page\">\n\t\t\t\t<div class=\"elementor-element elementor-element-52c0161 e-con-full e-flex e-con e-parent\" data-id=\"52c0161\" data-element_type=\"container\">\n\t\t\t\t<div class=\"elementor-element elementor-element-abcf754 elementor-widget elementor-widget-template\" data-id=\"abcf754\" data-element_type=\"widget\" data-widget_type=\"template.default\">\n\t\t\t\t<div class=\"elementor-widget-container\">\n\t\t\t\t\t\t\t<div class=\"elementor-template\">\n\t\t\t\t\t<div data-elementor-type=\"container\" data-elementor-id=\"139\" class=\"elementor elementor-139\" data-elementor-post-type=\"elementor_library\">\n\t\t\t\t<div class=\"elementor-element elementor-element-c5c0ea4 e-con-full e-flex e-con e-parent\" data-id=\"c5c0ea4\" data-element_type=\"container\" data-settings=\"{&quot;background_background&quot;:&quot;classic&quot;}\">\n\t\t\t\t<\/div>\n\t\t\t\t<\/div>\n\t\t\t\t<\/div>\n\t\t\t\t\t\t<\/div>\n\t\t\t\t<\/div>\n\t\t\t\t<\/div>\n\t\t<div class=\"elementor-element elementor-element-f90402d e-flex e-con-boxed e-con e-parent\" data-id=\"f90402d\" data-element_type=\"container\" data-settings=\"{&quot;background_background&quot;:&quot;classic&quot;}\">\n\t\t\t\t\t<div class=\"e-con-inner\">\n\t\t<div class=\"elementor-element elementor-element-410eebb e-con-full animated-slow e-flex elementor-invisible e-con e-child\" data-id=\"410eebb\" data-element_type=\"container\" data-settings=\"{&quot;background_background&quot;:&quot;classic&quot;,&quot;animation&quot;:&quot;zoomIn&quot;}\">\n\t\t\t\t<div class=\"elementor-element elementor-element-ea4f505 elementor-button-align-stretch elementor-widget elementor-widget-form\" data-id=\"ea4f505\" data-element_type=\"widget\" data-settings=\"{&quot;step_next_label&quot;:&quot;Seg\\u00fcent&quot;,&quot;step_previous_label&quot;:&quot;Anterior&quot;,&quot;button_width&quot;:&quot;100&quot;,&quot;step_type&quot;:&quot;number_text&quot;,&quot;step_icon_shape&quot;:&quot;circle&quot;}\" data-widget_type=\"form.default\">\n\t\t\t\t<div class=\"elementor-widget-container\">\n\t\t\t\t\t\t\t<form class=\"elementor-form\" method=\"post\" name=\"Nou formulari\" aria-label=\"Nou formulari\">\n\t\t\t<input type=\"hidden\" name=\"post_id\" value=\"946\"\/>\n\t\t\t<input type=\"hidden\" name=\"form_id\" value=\"ea4f505\"\/>\n\t\t\t<input type=\"hidden\" name=\"referer_title\" value=\"Demana la teva comparativa | 82amperios\" \/>\n\n\t\t\t\t\t\t\t<input type=\"hidden\" name=\"queried_id\" value=\"946\"\/>\n\t\t\t\n\t\t\t<div class=\"elementor-form-fields-wrapper elementor-labels-above\">\n\t\t\t\t\t\t\t\t<div class=\"elementor-field-type-text elementor-field-group elementor-column elementor-field-group-name elementor-col-100 elementor-field-required elementor-mark-required\">\n\t\t\t\t\t\t\t\t\t\t\t\t<label for=\"form-field-name\" class=\"elementor-field-label\">\n\t\t\t\t\t\t\t\tNom i cognoms\t\t\t\t\t\t\t<\/label>\n\t\t\t\t\t\t\t\t\t\t\t\t\t\t<input size=\"1\" type=\"text\" name=\"form_fields[name]\" id=\"form-field-name\" class=\"elementor-field elementor-size-sm  elementor-field-textual\" placeholder=\"Escriu el teu nom aqu\u00ed\" required=\"required\">\n\t\t\t\t\t\t\t\t\t\t\t<\/div>\n\t\t\t\t\t\t\t\t<div class=\"elementor-field-type-tel elementor-field-group elementor-column elementor-field-group-field_f5cfbe1 elementor-col-50\">\n\t\t\t\t\t\t\t\t\t\t\t\t<label for=\"form-field-field_f5cfbe1\" class=\"elementor-field-label\">\n\t\t\t\t\t\t\t\tN\u00famero de tel\u00e8fon\t\t\t\t\t\t\t<\/label>\n\t\t\t\t\t\t\t\t<input size=\"1\" type=\"tel\" name=\"form_fields[field_f5cfbe1]\" id=\"form-field-field_f5cfbe1\" class=\"elementor-field elementor-size-sm  elementor-field-textual\" placeholder=\"+34\" pattern=\"[0-9()#&amp;+*-=.]+\" title=\"Only numbers and phone characters (#, -, *, etc) are accepted.\">\n\n\t\t\t\t\t\t<\/div>\n\t\t\t\t\t\t\t\t<div class=\"elementor-field-type-email elementor-field-group elementor-column elementor-field-group-email elementor-col-50 elementor-field-required elementor-mark-required\">\n\t\t\t\t\t\t\t\t\t\t\t\t<label for=\"form-field-email\" class=\"elementor-field-label\">\n\t\t\t\t\t\t\t\tEmail\t\t\t\t\t\t\t<\/label>\n\t\t\t\t\t\t\t\t\t\t\t\t\t\t<input size=\"1\" type=\"email\" name=\"form_fields[email]\" id=\"form-field-email\" class=\"elementor-field elementor-size-sm  elementor-field-textual\" placeholder=\"exemple@gmail.com\" required=\"required\">\n\t\t\t\t\t\t\t\t\t\t\t<\/div>\n\t\t\t\t\t\t\t\t<div class=\"elementor-field-type-textarea elementor-field-group elementor-column elementor-field-group-message elementor-col-100 elementor-field-required elementor-mark-required\">\n\t\t\t\t\t\t\t\t\t\t\t\t<label for=\"form-field-message\" class=\"elementor-field-label\">\n\t\t\t\t\t\t\t\tMissatge\t\t\t\t\t\t\t<\/label>\n\t\t\t\t\t\t<textarea class=\"elementor-field-textual elementor-field  elementor-size-sm\" name=\"form_fields[message]\" id=\"form-field-message\" rows=\"4\" placeholder=\"Escriu alguna cosa...\" required=\"required\"><\/textarea>\t\t\t\t<\/div>\n\t\t\t\t\t\t\t\t<div class=\"elementor-field-type-upload elementor-field-group elementor-column elementor-field-group-field_96bb6eb elementor-col-100\">\n\t\t\t\t\t\t\t\t\t\t\t\t<label for=\"form-field-field_96bb6eb\" class=\"elementor-field-label\">\n\t\t\t\t\t\t\t\tAdjunta la teva factura\t\t\t\t\t\t\t<\/label>\n\t\t\t\t\t\t\t\t<input type=\"file\" name=\"form_fields[field_96bb6eb]\" id=\"form-field-field_96bb6eb\" class=\"elementor-field elementor-size-sm  elementor-upload-field\">\n\n\t\t\t\t\t\t<\/div>\n\t\t\t\t\t\t\t\t<div class=\"elementor-field-type-acceptance elementor-field-group elementor-column elementor-field-group-field_d9675b9 elementor-col-100 elementor-field-required elementor-mark-required\">\n\t\t\t\t\t\t\t<div class=\"elementor-field-subgroup\">\n\t\t\t<span class=\"elementor-field-option\">\n\t\t\t\t<input type=\"checkbox\" name=\"form_fields[field_d9675b9]\" id=\"form-field-field_d9675b9\" class=\"elementor-field elementor-size-sm  elementor-acceptance-field\" required=\"required\">\n\t\t\t\t<label for=\"form-field-field_d9675b9\">He llegit i accepto l' <a href=\"http:\/\/82amperios.disstintbeta.com\/aviso-legal\/\">av\u00eds legal<\/a> i <a href=\"http:\/\/82amperios.disstintbeta.com\/politica-de-privacidad-y-cookies\/\">politica de privadesa i cookies<\/a> .<\/label>\t\t\t<\/span>\n\t\t<\/div>\n\t\t\t\t\t\t<\/div>\n\t\t\t\t\t\t\t\t<div class=\"elementor-field-type-recaptcha_v3 elementor-field-group elementor-column elementor-field-group-field_827f437 elementor-col-100 recaptcha_v3-bottomleft\">\n\t\t\t\t\t<div class=\"elementor-field\" id=\"form-field-field_827f437\"><div class=\"elementor-g-recaptcha\" data-sitekey=\"6LfApIQqAAAAACYeRTuzCHikchEi_YQCQz1SXVG7\" data-type=\"v3\" data-action=\"Form\" data-badge=\"bottomleft\" data-size=\"invisible\"><\/div><\/div>\t\t\t\t<\/div>\n\t\t\t\t\t\t\t\t<div class=\"elementor-field-group elementor-column elementor-field-type-submit elementor-col-100 e-form__buttons\">\n\t\t\t\t\t<button class=\"elementor-button elementor-size-sm\" type=\"submit\">\n\t\t\t\t\t\t<span class=\"elementor-button-content-wrapper\">\n\t\t\t\t\t\t\t\t\t\t\t\t\t\t\t\t\t\t\t\t\t\t<span class=\"elementor-button-text\">Enviar<\/span>\n\t\t\t\t\t\t\t\t\t\t\t\t\t<\/span>\n\t\t\t\t\t<\/button>\n\t\t\t\t<\/div>\n\t\t\t<\/div>\n\t\t<\/form>\n\t\t\t\t\t\t<\/div>\n\t\t\t\t<\/div>\n\t\t\t\t<\/div>\n\t\t\t\t\t<\/div>\n\t\t\t\t<\/div>\n\t\t\t\t<\/div>\n\t\t","protected":false},"excerpt":{"rendered":"","protected":false},"author":4,"featured_media":1247,"parent":0,"menu_order":0,"comment_status":"closed","ping_status":"closed","template":"","meta":{"footnotes":""},"class_list":["post-946","page","type-page","status-publish","has-post-thumbnail","hentry"],"yoast_head":"<!-- This site is optimized with the Yoast SEO plugin v26.1.1 - https:\/\/yoast.com\/wordpress\/plugins\/seo\/ -->\n<title>Demana la teva comparativa | 82amperios<\/title>\n<meta name=\"description\" content=\"Obtingues la teva comparativa energ\u00e8tica i rep tots els detalls de manera clara i ajustada a les teves necessitats. La Lydia s&#039;encarregar\u00e0 de trobar la millor opci\u00f3.\" \/>\n<meta name=\"robots\" content=\"index, follow, max-snippet:-1, max-image-preview:large, max-video-preview:-1\" \/>\n<link rel=\"canonical\" href=\"https:\/\/82amperios.com\/ca\/demana-la-teva-comparativa\/\" \/>\n<meta property=\"og:locale\" content=\"ca_ES\" \/>\n<meta property=\"og:type\" content=\"article\" \/>\n<meta property=\"og:title\" content=\"Demana la teva comparativa | 82amperios\" \/>\n<meta property=\"og:description\" content=\"Obtingues la teva comparativa energ\u00e8tica i rep tots els detalls de manera clara i ajustada a les teves necessitats. La Lydia s&#039;encarregar\u00e0 de trobar la millor opci\u00f3.\" \/>\n<meta property=\"og:url\" content=\"https:\/\/82amperios.com\/ca\/demana-la-teva-comparativa\/\" \/>\n<meta property=\"og:site_name\" content=\"82amperios\" \/>\n<meta property=\"article:modified_time\" content=\"2024-11-20T09:30:37+00:00\" \/>\n<meta property=\"og:image\" content=\"https:\/\/82amperios.com\/wp-content\/uploads\/2024\/11\/Pide_tu_comparacion_1x.webp\" \/>\n\t<meta property=\"og:image:width\" content=\"1900\" \/>\n\t<meta property=\"og:image:height\" content=\"721\" \/>\n\t<meta property=\"og:image:type\" content=\"image\/webp\" \/>\n<meta name=\"twitter:card\" content=\"summary_large_image\" \/>\n<script type=\"application\/ld+json\" class=\"yoast-schema-graph\">{\"@context\":\"https:\/\/schema.org\",\"@graph\":[{\"@type\":\"WebPage\",\"@id\":\"https:\/\/82amperios.com\/ca\/demana-la-teva-comparativa\/\",\"url\":\"https:\/\/82amperios.com\/ca\/demana-la-teva-comparativa\/\",\"name\":\"Demana la teva comparativa | 82amperios\",\"isPartOf\":{\"@id\":\"https:\/\/82amperios.com\/ca\/#website\"},\"primaryImageOfPage\":{\"@id\":\"https:\/\/82amperios.com\/ca\/demana-la-teva-comparativa\/#primaryimage\"},\"image\":{\"@id\":\"https:\/\/82amperios.com\/ca\/demana-la-teva-comparativa\/#primaryimage\"},\"thumbnailUrl\":\"https:\/\/82amperios.com\/wp-content\/uploads\/2024\/11\/Pide_tu_comparacion_1x.webp\",\"datePublished\":\"2024-10-22T07:47:37+00:00\",\"dateModified\":\"2024-11-20T09:30:37+00:00\",\"description\":\"Obtingues la teva comparativa energ\u00e8tica i rep tots els detalls de manera clara i ajustada a les teves necessitats. La Lydia s'encarregar\u00e0 de trobar la millor opci\u00f3.\",\"breadcrumb\":{\"@id\":\"https:\/\/82amperios.com\/ca\/demana-la-teva-comparativa\/#breadcrumb\"},\"inLanguage\":\"ca\",\"potentialAction\":[{\"@type\":\"ReadAction\",\"target\":[\"https:\/\/82amperios.com\/ca\/demana-la-teva-comparativa\/\"]}]},{\"@type\":\"ImageObject\",\"inLanguage\":\"ca\",\"@id\":\"https:\/\/82amperios.com\/ca\/demana-la-teva-comparativa\/#primaryimage\",\"url\":\"https:\/\/82amperios.com\/wp-content\/uploads\/2024\/11\/Pide_tu_comparacion_1x.webp\",\"contentUrl\":\"https:\/\/82amperios.com\/wp-content\/uploads\/2024\/11\/Pide_tu_comparacion_1x.webp\",\"width\":1900,\"height\":721},{\"@type\":\"BreadcrumbList\",\"@id\":\"https:\/\/82amperios.com\/ca\/demana-la-teva-comparativa\/#breadcrumb\",\"itemListElement\":[{\"@type\":\"ListItem\",\"position\":1,\"name\":\"Portada\",\"item\":\"https:\/\/82amperios.com\/ca\/\"},{\"@type\":\"ListItem\",\"position\":2,\"name\":\"Demana la teva comparativa\"}]},{\"@type\":\"WebSite\",\"@id\":\"https:\/\/82amperios.com\/ca\/#website\",\"url\":\"https:\/\/82amperios.com\/ca\/\",\"name\":\"82amperios\",\"description\":\"\",\"publisher\":{\"@id\":\"https:\/\/82amperios.com\/ca\/#organization\"},\"alternateName\":\"Servicios El\u00e9ctricos en Palma\",\"potentialAction\":[{\"@type\":\"SearchAction\",\"target\":{\"@type\":\"EntryPoint\",\"urlTemplate\":\"https:\/\/82amperios.com\/ca\/?s={search_term_string}\"},\"query-input\":{\"@type\":\"PropertyValueSpecification\",\"valueRequired\":true,\"valueName\":\"search_term_string\"}}],\"inLanguage\":\"ca\"},{\"@type\":\"Organization\",\"@id\":\"https:\/\/82amperios.com\/ca\/#organization\",\"name\":\"82 Amperios\",\"alternateName\":\"Empresa de Electricidad - 82 Amperios\",\"url\":\"https:\/\/82amperios.com\/ca\/\",\"logo\":{\"@type\":\"ImageObject\",\"inLanguage\":\"ca\",\"@id\":\"https:\/\/82amperios.com\/ca\/#\/schema\/logo\/image\/\",\"url\":\"https:\/\/82amperios.com\/wp-content\/uploads\/2024\/10\/logo-footer.webp\",\"contentUrl\":\"https:\/\/82amperios.com\/wp-content\/uploads\/2024\/10\/logo-footer.webp\",\"width\":143,\"height\":35,\"caption\":\"82 Amperios\"},\"image\":{\"@id\":\"https:\/\/82amperios.com\/ca\/#\/schema\/logo\/image\/\"}}]}<\/script>\n<!-- \/ Yoast SEO plugin. -->","yoast_head_json":{"title":"Demana la teva comparativa | 82amperios","description":"Obtingues la teva comparativa energ\u00e8tica i rep tots els detalls de manera clara i ajustada a les teves necessitats. La Lydia s'encarregar\u00e0 de trobar la millor opci\u00f3.","robots":{"index":"index","follow":"follow","max-snippet":"max-snippet:-1","max-image-preview":"max-image-preview:large","max-video-preview":"max-video-preview:-1"},"canonical":"https:\/\/82amperios.com\/ca\/demana-la-teva-comparativa\/","og_locale":"ca_ES","og_type":"article","og_title":"Demana la teva comparativa | 82amperios","og_description":"Obtingues la teva comparativa energ\u00e8tica i rep tots els detalls de manera clara i ajustada a les teves necessitats. La Lydia s'encarregar\u00e0 de trobar la millor opci\u00f3.","og_url":"https:\/\/82amperios.com\/ca\/demana-la-teva-comparativa\/","og_site_name":"82amperios","article_modified_time":"2024-11-20T09:30:37+00:00","og_image":[{"width":1900,"height":721,"url":"https:\/\/82amperios.com\/wp-content\/uploads\/2024\/11\/Pide_tu_comparacion_1x.webp","type":"image\/webp"}],"twitter_card":"summary_large_image","schema":{"@context":"https:\/\/schema.org","@graph":[{"@type":"WebPage","@id":"https:\/\/82amperios.com\/ca\/demana-la-teva-comparativa\/","url":"https:\/\/82amperios.com\/ca\/demana-la-teva-comparativa\/","name":"Demana la teva comparativa | 82amperios","isPartOf":{"@id":"https:\/\/82amperios.com\/ca\/#website"},"primaryImageOfPage":{"@id":"https:\/\/82amperios.com\/ca\/demana-la-teva-comparativa\/#primaryimage"},"image":{"@id":"https:\/\/82amperios.com\/ca\/demana-la-teva-comparativa\/#primaryimage"},"thumbnailUrl":"https:\/\/82amperios.com\/wp-content\/uploads\/2024\/11\/Pide_tu_comparacion_1x.webp","datePublished":"2024-10-22T07:47:37+00:00","dateModified":"2024-11-20T09:30:37+00:00","description":"Obtingues la teva comparativa energ\u00e8tica i rep tots els detalls de manera clara i ajustada a les teves necessitats. La Lydia s'encarregar\u00e0 de trobar la millor opci\u00f3.","breadcrumb":{"@id":"https:\/\/82amperios.com\/ca\/demana-la-teva-comparativa\/#breadcrumb"},"inLanguage":"ca","potentialAction":[{"@type":"ReadAction","target":["https:\/\/82amperios.com\/ca\/demana-la-teva-comparativa\/"]}]},{"@type":"ImageObject","inLanguage":"ca","@id":"https:\/\/82amperios.com\/ca\/demana-la-teva-comparativa\/#primaryimage","url":"https:\/\/82amperios.com\/wp-content\/uploads\/2024\/11\/Pide_tu_comparacion_1x.webp","contentUrl":"https:\/\/82amperios.com\/wp-content\/uploads\/2024\/11\/Pide_tu_comparacion_1x.webp","width":1900,"height":721},{"@type":"BreadcrumbList","@id":"https:\/\/82amperios.com\/ca\/demana-la-teva-comparativa\/#breadcrumb","itemListElement":[{"@type":"ListItem","position":1,"name":"Portada","item":"https:\/\/82amperios.com\/ca\/"},{"@type":"ListItem","position":2,"name":"Demana la teva comparativa"}]},{"@type":"WebSite","@id":"https:\/\/82amperios.com\/ca\/#website","url":"https:\/\/82amperios.com\/ca\/","name":"82amperios","description":"","publisher":{"@id":"https:\/\/82amperios.com\/ca\/#organization"},"alternateName":"Servicios El\u00e9ctricos en Palma","potentialAction":[{"@type":"SearchAction","target":{"@type":"EntryPoint","urlTemplate":"https:\/\/82amperios.com\/ca\/?s={search_term_string}"},"query-input":{"@type":"PropertyValueSpecification","valueRequired":true,"valueName":"search_term_string"}}],"inLanguage":"ca"},{"@type":"Organization","@id":"https:\/\/82amperios.com\/ca\/#organization","name":"82 Amperios","alternateName":"Empresa de Electricidad - 82 Amperios","url":"https:\/\/82amperios.com\/ca\/","logo":{"@type":"ImageObject","inLanguage":"ca","@id":"https:\/\/82amperios.com\/ca\/#\/schema\/logo\/image\/","url":"https:\/\/82amperios.com\/wp-content\/uploads\/2024\/10\/logo-footer.webp","contentUrl":"https:\/\/82amperios.com\/wp-content\/uploads\/2024\/10\/logo-footer.webp","width":143,"height":35,"caption":"82 Amperios"},"image":{"@id":"https:\/\/82amperios.com\/ca\/#\/schema\/logo\/image\/"}}]}},"_links":{"self":[{"href":"https:\/\/82amperios.com\/ca\/wp-json\/wp\/v2\/pages\/946","targetHints":{"allow":["GET"]}}],"collection":[{"href":"https:\/\/82amperios.com\/ca\/wp-json\/wp\/v2\/pages"}],"about":[{"href":"https:\/\/82amperios.com\/ca\/wp-json\/wp\/v2\/types\/page"}],"author":[{"embeddable":true,"href":"https:\/\/82amperios.com\/ca\/wp-json\/wp\/v2\/users\/4"}],"replies":[{"embeddable":true,"href":"https:\/\/82amperios.com\/ca\/wp-json\/wp\/v2\/comments?post=946"}],"version-history":[{"count":6,"href":"https:\/\/82amperios.com\/ca\/wp-json\/wp\/v2\/pages\/946\/revisions"}],"predecessor-version":[{"id":1593,"href":"https:\/\/82amperios.com\/ca\/wp-json\/wp\/v2\/pages\/946\/revisions\/1593"}],"wp:featuredmedia":[{"embeddable":true,"href":"https:\/\/82amperios.com\/ca\/wp-json\/wp\/v2\/media\/1247"}],"wp:attachment":[{"href":"https:\/\/82amperios.com\/ca\/wp-json\/wp\/v2\/media?parent=946"}],"curies":[{"name":"wp","href":"https:\/\/api.w.org\/{rel}","templated":true}]}}