{"id":944,"date":"2024-10-22T11:16:45","date_gmt":"2024-10-22T09:16:45","guid":{"rendered":"http:\/\/82amperios.disstintbeta.com\/mediambiental\/"},"modified":"2024-11-05T13:45:14","modified_gmt":"2024-11-05T12:45:14","slug":"mediambiental","status":"publish","type":"page","link":"https:\/\/82amperios.com\/ca\/mediambiental\/","title":{"rendered":"Mediambiental"},"content":{"rendered":"\t\t<div data-elementor-type=\"wp-page\" data-elementor-id=\"944\" class=\"elementor elementor-944\" data-elementor-post-type=\"page\">\n\t\t\t\t<div class=\"elementor-element elementor-element-52c0161 e-con-full e-flex e-con e-parent\" data-id=\"52c0161\" data-element_type=\"container\">\n\t\t\t\t<div class=\"elementor-element elementor-element-abcf754 elementor-widget elementor-widget-template\" data-id=\"abcf754\" data-element_type=\"widget\" data-widget_type=\"template.default\">\n\t\t\t\t<div class=\"elementor-widget-container\">\n\t\t\t\t\t\t\t<div class=\"elementor-template\">\n\t\t\t\t\t<div data-elementor-type=\"container\" data-elementor-id=\"139\" class=\"elementor elementor-139\" data-elementor-post-type=\"elementor_library\">\n\t\t\t\t<div class=\"elementor-element elementor-element-c5c0ea4 e-con-full e-flex e-con e-parent\" data-id=\"c5c0ea4\" data-element_type=\"container\" data-settings=\"{&quot;background_background&quot;:&quot;classic&quot;}\">\n\t\t\t\t<\/div>\n\t\t\t\t<\/div>\n\t\t\t\t<\/div>\n\t\t\t\t\t\t<\/div>\n\t\t\t\t<\/div>\n\t\t\t\t<\/div>\n\t\t<div class=\"elementor-element elementor-element-1305459 e-con-full e-flex e-con e-parent\" data-id=\"1305459\" data-element_type=\"container\">\n\t\t<div class=\"elementor-element elementor-element-38ea318 e-con-full animated-slow e-flex elementor-invisible e-con e-child\" data-id=\"38ea318\" data-element_type=\"container\" data-settings=\"{&quot;animation&quot;:&quot;fadeIn&quot;}\">\n\t\t\t\t<div class=\"elementor-element elementor-element-5ec8623 elementor-widget elementor-widget-heading\" data-id=\"5ec8623\" data-element_type=\"widget\" data-widget_type=\"heading.default\">\n\t\t\t\t<div class=\"elementor-widget-container\">\n\t\t\t\t\t<h2 class=\"elementor-heading-title elementor-size-default\">Ens preocupem no sols pel teu benestar energ\u00e8tic, sin\u00f3 tamb\u00e9 pel futur del planeta.<\/h2>\t\t\t\t<\/div>\n\t\t\t\t<\/div>\n\t\t\t\t<div class=\"elementor-element elementor-element-58c4152 elementor-widget elementor-widget-text-editor\" data-id=\"58c4152\" data-element_type=\"widget\" data-widget_type=\"text-editor.default\">\n\t\t\t\t<div class=\"elementor-widget-container\">\n\t\t\t\t\t\t\t\t\t<p>Amb iniciatives que inclouen projectes de reforestaci\u00f3 i contribucions a la neteja de costes i fons marins, el nostre enfocament sostenible ajuda a combatre el canvi clim\u00e0tic.<\/p>\n\t\t\t\t\t\t\t\t<\/div>\n\t\t\t\t<\/div>\n\t\t\t\t<\/div>\n\t\t<div class=\"elementor-element elementor-element-529cfcf e-con-full animated-slow e-flex elementor-invisible e-con e-child\" data-id=\"529cfcf\" data-element_type=\"container\" data-settings=\"{&quot;animation&quot;:&quot;fadeIn&quot;,&quot;animation_delay&quot;:500}\">\n\t\t\t\t<div class=\"elementor-element elementor-element-4697ee8 elementor-widget elementor-widget-image\" data-id=\"4697ee8\" data-element_type=\"widget\" data-widget_type=\"image.default\">\n\t\t\t\t<div class=\"elementor-widget-container\">\n\t\t\t\t\t\t\t\t\t\t\t\t\t\t\t<img fetchpriority=\"high\" decoding=\"async\" width=\"742\" height=\"473\" src=\"https:\/\/82amperios.com\/wp-content\/uploads\/2024\/11\/medioambiental-info-1.webp\" class=\"attachment-full size-full wp-image-1410\" alt=\"\" srcset=\"https:\/\/82amperios.com\/wp-content\/uploads\/2024\/11\/medioambiental-info-1.webp 742w, https:\/\/82amperios.com\/wp-content\/uploads\/2024\/11\/medioambiental-info-1-300x191.webp 300w\" sizes=\"(max-width: 742px) 100vw, 742px\" \/>\t\t\t\t\t\t\t\t\t\t\t\t\t\t\t<\/div>\n\t\t\t\t<\/div>\n\t\t\t\t<\/div>\n\t\t\t\t<\/div>\n\t\t<div class=\"elementor-element elementor-element-4fcfc45 e-con-full e-flex e-con e-parent\" data-id=\"4fcfc45\" data-element_type=\"container\">\n\t\t\t\t<div class=\"elementor-element elementor-element-2353626 animated-slow elementor-invisible elementor-widget elementor-widget-image\" data-id=\"2353626\" data-element_type=\"widget\" data-settings=\"{&quot;_animation&quot;:&quot;zoomIn&quot;}\" data-widget_type=\"image.default\">\n\t\t\t\t<div class=\"elementor-widget-container\">\n\t\t\t\t\t\t\t\t\t\t\t\t\t\t\t<img decoding=\"async\" width=\"1900\" height=\"721\" src=\"https:\/\/82amperios.com\/wp-content\/uploads\/2024\/11\/banner-07.webp\" class=\"attachment-full size-full wp-image-1297\" alt=\"\" srcset=\"https:\/\/82amperios.com\/wp-content\/uploads\/2024\/11\/banner-07.webp 1900w, https:\/\/82amperios.com\/wp-content\/uploads\/2024\/11\/banner-07-300x114.webp 300w, https:\/\/82amperios.com\/wp-content\/uploads\/2024\/11\/banner-07-1024x389.webp 1024w, https:\/\/82amperios.com\/wp-content\/uploads\/2024\/11\/banner-07-768x291.webp 768w, https:\/\/82amperios.com\/wp-content\/uploads\/2024\/11\/banner-07-1536x583.webp 1536w\" sizes=\"(max-width: 1900px) 100vw, 1900px\" \/>\t\t\t\t\t\t\t\t\t\t\t\t\t\t\t<\/div>\n\t\t\t\t<\/div>\n\t\t\t\t<\/div>\n\t\t<div class=\"elementor-element elementor-element-72bd249 e-con-full pdfs e-flex e-con e-parent\" data-id=\"72bd249\" data-element_type=\"container\">\n\t\t\t\t<div class=\"elementor-element elementor-element-10b1342 elementor-widget elementor-widget-heading\" data-id=\"10b1342\" data-element_type=\"widget\" data-widget_type=\"heading.default\">\n\t\t\t\t<div class=\"elementor-widget-container\">\n\t\t\t\t\t<h2 class=\"elementor-heading-title elementor-size-default\">Descarregar informaci\u00f3<\/h2>\t\t\t\t<\/div>\n\t\t\t\t<\/div>\n\t\t\t\t<div class=\"elementor-element elementor-element-b47ea7a elementor-widget elementor-widget-shortcode\" data-id=\"b47ea7a\" data-element_type=\"widget\" data-widget_type=\"shortcode.default\">\n\t\t\t\t<div class=\"elementor-widget-container\">\n\t\t\t\t\t\t\t<div class=\"elementor-shortcode\">No hay PDFs asociados a esta p\u00e1gina.<\/div>\n\t\t\t\t\t\t<\/div>\n\t\t\t\t<\/div>\n\t\t\t\t<\/div>\n\t\t\t\t<\/div>\n\t\t","protected":false},"excerpt":{"rendered":"<p>Ens preocupem no sols pel teu benestar energ\u00e8tic, sin\u00f3 tamb\u00e9 pel futur del planeta. Amb iniciatives que inclouen projectes de reforestaci\u00f3 i contribucions a la neteja de costes i fons marins, el nostre enfocament sostenible ajuda a combatre el canvi clim\u00e0tic. Descarregar informaci\u00f3<\/p>\n","protected":false},"author":4,"featured_media":1417,"parent":0,"menu_order":0,"comment_status":"closed","ping_status":"closed","template":"","meta":{"footnotes":""},"class_list":["post-944","page","type-page","status-publish","has-post-thumbnail","hentry"],"yoast_head":"<!-- This site is optimized with the Yoast SEO plugin v26.1.1 - https:\/\/yoast.com\/wordpress\/plugins\/seo\/ -->\n<title>Comprom\u00eds Mediambiental | 82amperios<\/title>\n<meta name=\"description\" content=\"Cuida el teu benestar energ\u00e8tic i el futur del planeta. Donem suport a projectes sostenibles que ajuden a combatre el canvi clim\u00e0tic.\" \/>\n<meta name=\"robots\" content=\"index, follow, max-snippet:-1, max-image-preview:large, max-video-preview:-1\" \/>\n<link rel=\"canonical\" href=\"https:\/\/82amperios.com\/ca\/mediambiental\/\" \/>\n<meta property=\"og:locale\" content=\"ca_ES\" \/>\n<meta property=\"og:type\" content=\"article\" \/>\n<meta property=\"og:title\" content=\"Comprom\u00eds Mediambiental | 82amperios\" \/>\n<meta property=\"og:description\" content=\"Cuida el teu benestar energ\u00e8tic i el futur del planeta. Donem suport a projectes sostenibles que ajuden a combatre el canvi clim\u00e0tic.\" \/>\n<meta property=\"og:url\" content=\"https:\/\/82amperios.com\/ca\/mediambiental\/\" \/>\n<meta property=\"og:site_name\" content=\"82amperios\" \/>\n<meta property=\"article:modified_time\" content=\"2024-11-05T12:45:14+00:00\" \/>\n<meta property=\"og:image\" content=\"https:\/\/82amperios.com\/wp-content\/uploads\/2024\/11\/medioambiental-head-1.webp\" \/>\n\t<meta property=\"og:image:width\" content=\"1440\" \/>\n\t<meta property=\"og:image:height\" content=\"449\" \/>\n\t<meta property=\"og:image:type\" content=\"image\/webp\" \/>\n<meta name=\"twitter:card\" content=\"summary_large_image\" \/>\n<script type=\"application\/ld+json\" class=\"yoast-schema-graph\">{\"@context\":\"https:\/\/schema.org\",\"@graph\":[{\"@type\":\"WebPage\",\"@id\":\"https:\/\/82amperios.com\/ca\/mediambiental\/\",\"url\":\"https:\/\/82amperios.com\/ca\/mediambiental\/\",\"name\":\"Comprom\u00eds Mediambiental | 82amperios\",\"isPartOf\":{\"@id\":\"https:\/\/82amperios.com\/ca\/#website\"},\"primaryImageOfPage\":{\"@id\":\"https:\/\/82amperios.com\/ca\/mediambiental\/#primaryimage\"},\"image\":{\"@id\":\"https:\/\/82amperios.com\/ca\/mediambiental\/#primaryimage\"},\"thumbnailUrl\":\"https:\/\/82amperios.com\/wp-content\/uploads\/2024\/11\/medioambiental-head-1.webp\",\"datePublished\":\"2024-10-22T09:16:45+00:00\",\"dateModified\":\"2024-11-05T12:45:14+00:00\",\"description\":\"Cuida el teu benestar energ\u00e8tic i el futur del planeta. Donem suport a projectes sostenibles que ajuden a combatre el canvi clim\u00e0tic.\",\"breadcrumb\":{\"@id\":\"https:\/\/82amperios.com\/ca\/mediambiental\/#breadcrumb\"},\"inLanguage\":\"ca\",\"potentialAction\":[{\"@type\":\"ReadAction\",\"target\":[\"https:\/\/82amperios.com\/ca\/mediambiental\/\"]}]},{\"@type\":\"ImageObject\",\"inLanguage\":\"ca\",\"@id\":\"https:\/\/82amperios.com\/ca\/mediambiental\/#primaryimage\",\"url\":\"https:\/\/82amperios.com\/wp-content\/uploads\/2024\/11\/medioambiental-head-1.webp\",\"contentUrl\":\"https:\/\/82amperios.com\/wp-content\/uploads\/2024\/11\/medioambiental-head-1.webp\",\"width\":1440,\"height\":449},{\"@type\":\"BreadcrumbList\",\"@id\":\"https:\/\/82amperios.com\/ca\/mediambiental\/#breadcrumb\",\"itemListElement\":[{\"@type\":\"ListItem\",\"position\":1,\"name\":\"Portada\",\"item\":\"https:\/\/82amperios.com\/ca\/\"},{\"@type\":\"ListItem\",\"position\":2,\"name\":\"Mediambiental\"}]},{\"@type\":\"WebSite\",\"@id\":\"https:\/\/82amperios.com\/ca\/#website\",\"url\":\"https:\/\/82amperios.com\/ca\/\",\"name\":\"82amperios\",\"description\":\"\",\"publisher\":{\"@id\":\"https:\/\/82amperios.com\/ca\/#organization\"},\"alternateName\":\"Servicios El\u00e9ctricos en Palma\",\"potentialAction\":[{\"@type\":\"SearchAction\",\"target\":{\"@type\":\"EntryPoint\",\"urlTemplate\":\"https:\/\/82amperios.com\/ca\/?s={search_term_string}\"},\"query-input\":{\"@type\":\"PropertyValueSpecification\",\"valueRequired\":true,\"valueName\":\"search_term_string\"}}],\"inLanguage\":\"ca\"},{\"@type\":\"Organization\",\"@id\":\"https:\/\/82amperios.com\/ca\/#organization\",\"name\":\"82 Amperios\",\"alternateName\":\"Empresa de Electricidad - 82 Amperios\",\"url\":\"https:\/\/82amperios.com\/ca\/\",\"logo\":{\"@type\":\"ImageObject\",\"inLanguage\":\"ca\",\"@id\":\"https:\/\/82amperios.com\/ca\/#\/schema\/logo\/image\/\",\"url\":\"https:\/\/82amperios.com\/wp-content\/uploads\/2024\/10\/logo-footer.webp\",\"contentUrl\":\"https:\/\/82amperios.com\/wp-content\/uploads\/2024\/10\/logo-footer.webp\",\"width\":143,\"height\":35,\"caption\":\"82 Amperios\"},\"image\":{\"@id\":\"https:\/\/82amperios.com\/ca\/#\/schema\/logo\/image\/\"}}]}<\/script>\n<!-- \/ Yoast SEO plugin. -->","yoast_head_json":{"title":"Comprom\u00eds Mediambiental | 82amperios","description":"Cuida el teu benestar energ\u00e8tic i el futur del planeta. Donem suport a projectes sostenibles que ajuden a combatre el canvi clim\u00e0tic.","robots":{"index":"index","follow":"follow","max-snippet":"max-snippet:-1","max-image-preview":"max-image-preview:large","max-video-preview":"max-video-preview:-1"},"canonical":"https:\/\/82amperios.com\/ca\/mediambiental\/","og_locale":"ca_ES","og_type":"article","og_title":"Comprom\u00eds Mediambiental | 82amperios","og_description":"Cuida el teu benestar energ\u00e8tic i el futur del planeta. Donem suport a projectes sostenibles que ajuden a combatre el canvi clim\u00e0tic.","og_url":"https:\/\/82amperios.com\/ca\/mediambiental\/","og_site_name":"82amperios","article_modified_time":"2024-11-05T12:45:14+00:00","og_image":[{"width":1440,"height":449,"url":"https:\/\/82amperios.com\/wp-content\/uploads\/2024\/11\/medioambiental-head-1.webp","type":"image\/webp"}],"twitter_card":"summary_large_image","schema":{"@context":"https:\/\/schema.org","@graph":[{"@type":"WebPage","@id":"https:\/\/82amperios.com\/ca\/mediambiental\/","url":"https:\/\/82amperios.com\/ca\/mediambiental\/","name":"Comprom\u00eds Mediambiental | 82amperios","isPartOf":{"@id":"https:\/\/82amperios.com\/ca\/#website"},"primaryImageOfPage":{"@id":"https:\/\/82amperios.com\/ca\/mediambiental\/#primaryimage"},"image":{"@id":"https:\/\/82amperios.com\/ca\/mediambiental\/#primaryimage"},"thumbnailUrl":"https:\/\/82amperios.com\/wp-content\/uploads\/2024\/11\/medioambiental-head-1.webp","datePublished":"2024-10-22T09:16:45+00:00","dateModified":"2024-11-05T12:45:14+00:00","description":"Cuida el teu benestar energ\u00e8tic i el futur del planeta. Donem suport a projectes sostenibles que ajuden a combatre el canvi clim\u00e0tic.","breadcrumb":{"@id":"https:\/\/82amperios.com\/ca\/mediambiental\/#breadcrumb"},"inLanguage":"ca","potentialAction":[{"@type":"ReadAction","target":["https:\/\/82amperios.com\/ca\/mediambiental\/"]}]},{"@type":"ImageObject","inLanguage":"ca","@id":"https:\/\/82amperios.com\/ca\/mediambiental\/#primaryimage","url":"https:\/\/82amperios.com\/wp-content\/uploads\/2024\/11\/medioambiental-head-1.webp","contentUrl":"https:\/\/82amperios.com\/wp-content\/uploads\/2024\/11\/medioambiental-head-1.webp","width":1440,"height":449},{"@type":"BreadcrumbList","@id":"https:\/\/82amperios.com\/ca\/mediambiental\/#breadcrumb","itemListElement":[{"@type":"ListItem","position":1,"name":"Portada","item":"https:\/\/82amperios.com\/ca\/"},{"@type":"ListItem","position":2,"name":"Mediambiental"}]},{"@type":"WebSite","@id":"https:\/\/82amperios.com\/ca\/#website","url":"https:\/\/82amperios.com\/ca\/","name":"82amperios","description":"","publisher":{"@id":"https:\/\/82amperios.com\/ca\/#organization"},"alternateName":"Servicios El\u00e9ctricos en Palma","potentialAction":[{"@type":"SearchAction","target":{"@type":"EntryPoint","urlTemplate":"https:\/\/82amperios.com\/ca\/?s={search_term_string}"},"query-input":{"@type":"PropertyValueSpecification","valueRequired":true,"valueName":"search_term_string"}}],"inLanguage":"ca"},{"@type":"Organization","@id":"https:\/\/82amperios.com\/ca\/#organization","name":"82 Amperios","alternateName":"Empresa de Electricidad - 82 Amperios","url":"https:\/\/82amperios.com\/ca\/","logo":{"@type":"ImageObject","inLanguage":"ca","@id":"https:\/\/82amperios.com\/ca\/#\/schema\/logo\/image\/","url":"https:\/\/82amperios.com\/wp-content\/uploads\/2024\/10\/logo-footer.webp","contentUrl":"https:\/\/82amperios.com\/wp-content\/uploads\/2024\/10\/logo-footer.webp","width":143,"height":35,"caption":"82 Amperios"},"image":{"@id":"https:\/\/82amperios.com\/ca\/#\/schema\/logo\/image\/"}}]}},"_links":{"self":[{"href":"https:\/\/82amperios.com\/ca\/wp-json\/wp\/v2\/pages\/944","targetHints":{"allow":["GET"]}}],"collection":[{"href":"https:\/\/82amperios.com\/ca\/wp-json\/wp\/v2\/pages"}],"about":[{"href":"https:\/\/82amperios.com\/ca\/wp-json\/wp\/v2\/types\/page"}],"author":[{"embeddable":true,"href":"https:\/\/82amperios.com\/ca\/wp-json\/wp\/v2\/users\/4"}],"replies":[{"embeddable":true,"href":"https:\/\/82amperios.com\/ca\/wp-json\/wp\/v2\/comments?post=944"}],"version-history":[{"count":4,"href":"https:\/\/82amperios.com\/ca\/wp-json\/wp\/v2\/pages\/944\/revisions"}],"predecessor-version":[{"id":1415,"href":"https:\/\/82amperios.com\/ca\/wp-json\/wp\/v2\/pages\/944\/revisions\/1415"}],"wp:featuredmedia":[{"embeddable":true,"href":"https:\/\/82amperios.com\/ca\/wp-json\/wp\/v2\/media\/1417"}],"wp:attachment":[{"href":"https:\/\/82amperios.com\/ca\/wp-json\/wp\/v2\/media?parent=944"}],"curies":[{"name":"wp","href":"https:\/\/api.w.org\/{rel}","templated":true}]}}