{"id":942,"date":"2024-10-17T12:22:09","date_gmt":"2024-10-17T10:22:09","guid":{"rendered":"http:\/\/82amperios.disstintbeta.com\/manteniments\/"},"modified":"2024-11-05T13:49:04","modified_gmt":"2024-11-05T12:49:04","slug":"manteniments","status":"publish","type":"page","link":"https:\/\/82amperios.com\/ca\/manteniments\/","title":{"rendered":"Manteniments"},"content":{"rendered":"\t\t<div data-elementor-type=\"wp-page\" data-elementor-id=\"942\" class=\"elementor elementor-942 elementor-252\" data-elementor-post-type=\"page\">\n\t\t\t\t<div class=\"elementor-element elementor-element-52c0161 e-con-full e-flex e-con e-parent\" data-id=\"52c0161\" data-element_type=\"container\">\n\t\t\t\t<div class=\"elementor-element elementor-element-abcf754 elementor-widget elementor-widget-template\" data-id=\"abcf754\" data-element_type=\"widget\" data-widget_type=\"template.default\">\n\t\t\t\t<div class=\"elementor-widget-container\">\n\t\t\t\t\t\t\t<div class=\"elementor-template\">\n\t\t\t\t\t<div data-elementor-type=\"container\" data-elementor-id=\"139\" class=\"elementor elementor-139\" data-elementor-post-type=\"elementor_library\">\n\t\t\t\t<div class=\"elementor-element elementor-element-c5c0ea4 e-con-full e-flex e-con e-parent\" data-id=\"c5c0ea4\" data-element_type=\"container\" data-settings=\"{&quot;background_background&quot;:&quot;classic&quot;}\">\n\t\t\t\t<\/div>\n\t\t\t\t<\/div>\n\t\t\t\t<\/div>\n\t\t\t\t\t\t<\/div>\n\t\t\t\t<\/div>\n\t\t\t\t<\/div>\n\t\t<div class=\"elementor-element elementor-element-1305459 e-con-full animated-slow e-flex elementor-invisible e-con e-parent\" data-id=\"1305459\" data-element_type=\"container\" data-settings=\"{&quot;animation&quot;:&quot;fadeIn&quot;}\">\n\t\t<div class=\"elementor-element elementor-element-38ea318 e-con-full e-flex e-con e-child\" data-id=\"38ea318\" data-element_type=\"container\">\n\t\t\t\t<div class=\"elementor-element elementor-element-5ec8623 elementor-widget elementor-widget-heading\" data-id=\"5ec8623\" data-element_type=\"widget\" data-widget_type=\"heading.default\">\n\t\t\t\t<div class=\"elementor-widget-container\">\n\t\t\t\t\t<h2 class=\"elementor-heading-title elementor-size-default\">ASSEGURA LA TEVA TRANQUIL\u00b7LITAT I EVITA SUBSTOS INNECESSARIS AMB UN MANTENIMENT A LA TEVA MIDA<\/h2>\t\t\t\t<\/div>\n\t\t\t\t<\/div>\n\t\t\t\t<div class=\"elementor-element elementor-element-58c4152 elementor-widget elementor-widget-text-editor\" data-id=\"58c4152\" data-element_type=\"widget\" data-widget_type=\"text-editor.default\">\n\t\t\t\t<div class=\"elementor-widget-container\">\n\t\t\t\t\t\t\t\t\t<p>Cada sistema el\u00e8ctric, sigui de la mida que sigui, ha d&#8217;oferir estabilitat i seguretat en qualsevol situaci\u00f3.<\/p>\n\t\t\t\t\t\t\t\t<\/div>\n\t\t\t\t<\/div>\n\t\t\t\t<\/div>\n\t\t<div class=\"elementor-element elementor-element-529cfcf e-con-full e-flex e-con e-child\" data-id=\"529cfcf\" data-element_type=\"container\">\n\t\t\t\t<div class=\"elementor-element elementor-element-04e627e elementor-widget elementor-widget-text-editor\" data-id=\"04e627e\" data-element_type=\"widget\" data-widget_type=\"text-editor.default\">\n\t\t\t\t<div class=\"elementor-widget-container\">\n\t\t\t\t\t\t\t\t\t<p>A 82 Amperios, sabem que la millor manera d&#8217;evitar sorpreses \u00e9s mantenint la teva instal\u00b7laci\u00f3 el\u00e8ctrica en perfecte estat. Per aix\u00f2, hem dissenyat tres plans de manteniment pensats per cobrir les necessitats, des d&#8217;un servei b\u00e0sic fins a una cobertura total. <\/p>\n<p><strong>Cada pla us ofereix garanties esteses, revisions anuals i una assist\u00e8ncia personalitzada que us permetr\u00e0 gaudir de la vostra llar o negoci sense preocupacions.<\/strong><\/p>\n\t\t\t\t\t\t\t\t<\/div>\n\t\t\t\t<\/div>\n\t\t\t\t<\/div>\n\t\t\t\t<\/div>\n\t\t<div class=\"elementor-element elementor-element-0d8957a e-flex e-con-boxed e-con e-parent\" data-id=\"0d8957a\" data-element_type=\"container\">\n\t\t\t\t\t<div class=\"e-con-inner\">\n\t\t\t\t<div class=\"elementor-element elementor-element-c578825 animated-slow elementor-invisible elementor-widget elementor-widget-heading\" data-id=\"c578825\" data-element_type=\"widget\" data-settings=\"{&quot;_animation&quot;:&quot;fadeInLeft&quot;}\" data-widget_type=\"heading.default\">\n\t\t\t\t<div class=\"elementor-widget-container\">\n\t\t\t\t\t<h2 class=\"elementor-heading-title elementor-size-default\">QUIN MANTENIMENT S'ADAPTA MILLOR A TU?<\/h2>\t\t\t\t<\/div>\n\t\t\t\t<\/div>\n\t\t\t\t\t<\/div>\n\t\t\t\t<\/div>\n\t\t<div class=\"elementor-element elementor-element-ab467a7 e-con-full e-flex e-con e-parent\" data-id=\"ab467a7\" data-element_type=\"container\">\n\t\t<div class=\"elementor-element elementor-element-f62a588 e-con-full e-flex e-con e-child\" data-id=\"f62a588\" data-element_type=\"container\">\n\t\t<div class=\"elementor-element elementor-element-12e4d8f e-con-full tarifas animated-slow e-flex elementor-invisible e-con e-child\" data-id=\"12e4d8f\" data-element_type=\"container\" data-settings=\"{&quot;animation&quot;:&quot;fadeIn&quot;}\">\n\t\t\t\t<div class=\"elementor-element elementor-element-9e11ff0 elementor-widget elementor-widget-heading\" data-id=\"9e11ff0\" data-element_type=\"widget\" data-widget_type=\"heading.default\">\n\t\t\t\t<div class=\"elementor-widget-container\">\n\t\t\t\t\t<h3 class=\"elementor-heading-title elementor-size-default\">BASIC<\/h3>\t\t\t\t<\/div>\n\t\t\t\t<\/div>\n\t\t\t\t<div class=\"elementor-element elementor-element-91c2b7c elementor-widget elementor-widget-text-editor\" data-id=\"91c2b7c\" data-element_type=\"widget\" data-widget_type=\"text-editor.default\">\n\t\t\t\t<div class=\"elementor-widget-container\">\n\t\t\t\t\t\t\t\t\t<h3><strong>3,9 \u20ac<\/strong> <sup><small>\/mes IVA incl.<\/small><\/sup><\/h3>\n<p><strong>All\u00f2 essencial per a la teva tranquil\u00b7litat.<\/strong><\/p>\n<p>Aquest pla us ofereix el necessari per assegurar el bon funcionament de la vostra instal\u00b7laci\u00f3 el\u00e8ctrica durant 5 anys.<\/p>\n<p><strong>Qu\u00e8 inclou?<\/strong><\/p>\n<p><img decoding=\"async\" class=\"size-full wp-image-166 alignleft\" src=\"http:\/\/82amperios.fra1.digitaloceanspaces.com\/wp-content\/uploads\/2024\/10\/check.png\" alt=\"\" width=\"24\" height=\"24\">Revisi\u00f3 visual anual de la instal\u00b7laci\u00f3.<\/p>\n<p><img decoding=\"async\" class=\"size-full wp-image-166 alignleft\" src=\"http:\/\/82amperios.fra1.digitaloceanspaces.com\/wp-content\/uploads\/2024\/10\/check.png\" alt=\"\" width=\"24\" height=\"24\"><\/p>\n<p>Reajustament del quadre el\u00e8ctric.<\/p>\n<p><img decoding=\"async\" class=\"size-full wp-image-166 alignleft\" src=\"http:\/\/82amperios.fra1.digitaloceanspaces.com\/wp-content\/uploads\/2024\/10\/check.png\" alt=\"\" width=\"24\" height=\"24\">Prova de diferencials.<\/p>\n<p><img decoding=\"async\" class=\"size-full wp-image-166 alignleft\" src=\"http:\/\/82amperios.fra1.digitaloceanspaces.com\/wp-content\/uploads\/2024\/10\/check.png\" alt=\"\" width=\"24\" height=\"24\"><\/p>\n<p>Prova de presa de terra.<\/p>\n<p><img decoding=\"async\" class=\"size-full wp-image-166 alignleft\" src=\"http:\/\/82amperios.fra1.digitaloceanspaces.com\/wp-content\/uploads\/2024\/10\/check.png\" alt=\"\" width=\"24\" height=\"24\">Assist\u00e8ncia t\u00e8cnica telef\u00f2nica 24 hores.<\/p>\n<p><img decoding=\"async\" class=\"size-full wp-image-166 alignleft\" src=\"http:\/\/82amperios.fra1.digitaloceanspaces.com\/wp-content\/uploads\/2024\/10\/check.png\" alt=\"\" width=\"24\" height=\"24\"><\/p>\n<p>Assessorament energ\u00e8tic.<\/p>\n<p><img decoding=\"async\" class=\"size-full wp-image-166 alignleft\" src=\"http:\/\/82amperios.fra1.digitaloceanspaces.com\/wp-content\/uploads\/2024\/10\/check.png\" alt=\"\" width=\"24\" height=\"24\"><\/p>\n<p>Assessorament en assegurances.<\/p>\n<p>Ideal si busques tenir un control b\u00e0sic del teu sistema el\u00e8ctric i comptar amb professionals sempre disponibles per a qualsevol consulta.<\/p>\n\t\t\t\t\t\t\t\t<\/div>\n\t\t\t\t<\/div>\n\t\t\t\t<\/div>\n\t\t<div class=\"elementor-element elementor-element-7389abb e-con-full tarifas animated-slow e-flex elementor-invisible e-con e-child\" data-id=\"7389abb\" data-element_type=\"container\" data-settings=\"{&quot;animation&quot;:&quot;fadeIn&quot;,&quot;animation_delay&quot;:500}\">\n\t\t\t\t<div class=\"elementor-element elementor-element-ad3b25c elementor-widget elementor-widget-heading\" data-id=\"ad3b25c\" data-element_type=\"widget\" data-widget_type=\"heading.default\">\n\t\t\t\t<div class=\"elementor-widget-container\">\n\t\t\t\t\t<h3 class=\"elementor-heading-title elementor-size-default\">PREMIUM<\/h3>\t\t\t\t<\/div>\n\t\t\t\t<\/div>\n\t\t\t\t<div class=\"elementor-element elementor-element-4fbb705 elementor-widget elementor-widget-text-editor\" data-id=\"4fbb705\" data-element_type=\"widget\" data-widget_type=\"text-editor.default\">\n\t\t\t\t<div class=\"elementor-widget-container\">\n\t\t\t\t\t\t\t\t\t<h3><strong>9,9 \u20ac<\/strong> <sup><small>\/mes IVA incl.<\/small><\/sup><\/h3>\n<p><strong>Un major control de la teva instal\u00b7laci\u00f3.<\/strong><\/p>\n<p>Aquest pla t&#8217;ofereix un nivell de protecci\u00f3 m\u00e9s gran amb una garantia estesa de 10 anys i un conjunt de serveis addicionals.<\/p>\n<p><strong>Qu\u00e8 inclou?<\/strong><\/p>\n<p><img decoding=\"async\" class=\"size-full wp-image-166 alignleft\" src=\"http:\/\/82amperios.fra1.digitaloceanspaces.com\/wp-content\/uploads\/2024\/10\/check.png\" alt=\"\" width=\"24\" height=\"24\">Tot aix\u00f2 del pla BASIC, m\u00e9s:  <\/p>\n<p><img decoding=\"async\" class=\"size-full wp-image-166 alignleft\" src=\"http:\/\/82amperios.fra1.digitaloceanspaces.com\/wp-content\/uploads\/2024\/10\/check.png\" alt=\"\" width=\"24\" height=\"24\"><\/p>\n<p>Identificaci\u00f3 completa del quadre el\u00e8ctric.<\/p>\n<p><img decoding=\"async\" class=\"size-full wp-image-166 alignleft\" src=\"http:\/\/82amperios.fra1.digitaloceanspaces.com\/wp-content\/uploads\/2024\/10\/check.png\" alt=\"\" width=\"24\" height=\"24\">Neteja de filtres i revisi\u00f3 de funcionament de l&#8217;aire condicionat.<\/p>\n<p><img decoding=\"async\" class=\"size-full wp-image-166 alignleft\" src=\"http:\/\/82amperios.fra1.digitaloceanspaces.com\/wp-content\/uploads\/2024\/10\/check.png\" alt=\"\" width=\"24\" height=\"24\"><\/p>\n<p>Reparacions urgents sense cost addicional (inclou despla\u00e7ament i 3 hores de feina).<\/p>\n<p><img decoding=\"async\" class=\"size-full wp-image-166 alignleft\" src=\"http:\/\/82amperios.fra1.digitaloceanspaces.com\/wp-content\/uploads\/2024\/10\/check.png\" alt=\"\" width=\"24\" height=\"24\">Un servei de bricolatge el\u00e8ctric (inclou despla\u00e7ament i 3 hores de feina).<\/p>\n<p><img decoding=\"async\" class=\"size-full wp-image-166 alignleft\" src=\"http:\/\/82amperios.fra1.digitaloceanspaces.com\/wp-content\/uploads\/2024\/10\/check.png\" alt=\"\" width=\"24\" height=\"24\"><\/p>\n<p>5% de descompte a tots els pressupostos de reparacions i millores el\u00e8ctriques.<\/p>\n<p>Perfecte si a m\u00e9s de mantenir la teva instal\u00b7laci\u00f3 el\u00e8ctrica en bon estat, necessites tenir el teu aire condicionat en \u00f2ptimes condicions i disposar de petits arranjaments el\u00e8ctrics quan ho requereixis.<\/p>\n\t\t\t\t\t\t\t\t<\/div>\n\t\t\t\t<\/div>\n\t\t\t\t<\/div>\n\t\t<div class=\"elementor-element elementor-element-3dad575 e-con-full tarifas animated-slow e-flex elementor-invisible e-con e-child\" data-id=\"3dad575\" data-element_type=\"container\" data-settings=\"{&quot;animation&quot;:&quot;fadeIn&quot;,&quot;animation_delay&quot;:1000}\">\n\t\t\t\t<div class=\"elementor-element elementor-element-770d427 elementor-widget elementor-widget-heading\" data-id=\"770d427\" data-element_type=\"widget\" data-widget_type=\"heading.default\">\n\t\t\t\t<div class=\"elementor-widget-container\">\n\t\t\t\t\t<h3 class=\"elementor-heading-title elementor-size-default\">PLATINUM<\/h3>\t\t\t\t<\/div>\n\t\t\t\t<\/div>\n\t\t\t\t<div class=\"elementor-element elementor-element-6cdebc3 elementor-widget elementor-widget-text-editor\" data-id=\"6cdebc3\" data-element_type=\"widget\" data-widget_type=\"text-editor.default\">\n\t\t\t\t<div class=\"elementor-widget-container\">\n\t\t\t\t\t\t\t\t\t<h3><strong>14,9 \u20ac<\/strong> <sup><small>\/mes IVA incl.<\/small><\/sup><\/h3>\n<p><strong>M\u00e0xima protecci\u00f3, zero preocupacions.<\/strong><\/p>\n<p>Aquest pla permet mantenir la teva instal\u00b7laci\u00f3 el\u00e8ctrica al 100% i gaudir de tots els avantatges d&#8217;una cobertura total, amb 10 anys de garantia estesa.<\/p>\n<p><strong>Qu\u00e8 inclou?<\/strong><\/p>\n<p><img decoding=\"async\" class=\"size-full wp-image-166 alignleft\" src=\"http:\/\/82amperios.fra1.digitaloceanspaces.com\/wp-content\/uploads\/2024\/10\/check.png\" alt=\"\" width=\"24\" height=\"24\">Tot aix\u00f2 del pla PREMIUM, m\u00e9s<\/p>\n<p><img decoding=\"async\" class=\"size-full wp-image-166 alignleft\" src=\"http:\/\/82amperios.fra1.digitaloceanspaces.com\/wp-content\/uploads\/2024\/10\/check.png\" alt=\"\" width=\"24\" height=\"24\"><\/p>\n<p>Reparacions urgents sense cost addicional fins a 300\u20ac en materials (inclou despla\u00e7ament i 3 hores de treball).<\/p>\n<p><img decoding=\"async\" class=\"size-full wp-image-166 alignleft\" src=\"http:\/\/82amperios.fra1.digitaloceanspaces.com\/wp-content\/uploads\/2024\/10\/check.png\" alt=\"\" width=\"24\" height=\"24\">Dos serveis de bricolatge el\u00e8ctric anuals (inclou despla\u00e7ament i 3 hores de feina).  <\/p>\n<p><img decoding=\"async\" class=\"size-full wp-image-166 alignleft\" src=\"http:\/\/82amperios.fra1.digitaloceanspaces.com\/wp-content\/uploads\/2024\/10\/check.png\" alt=\"\" width=\"24\" height=\"24\"><\/p>\n<p>Reparacions urgents sense cost addicional (inclou despla\u00e7ament i 3 hores de feina).<\/p>\n<p><img decoding=\"async\" class=\"size-full wp-image-166 alignleft\" src=\"http:\/\/82amperios.fra1.digitaloceanspaces.com\/wp-content\/uploads\/2024\/10\/check.png\" alt=\"\" width=\"24\" height=\"24\">10% de descompte a tots els pressupostos de reparacions i millores el\u00e8ctriques.  <\/p>\n<p>Amb el manteniment m\u00e9s complet, tindr\u00e0s la tranquil\u00b7litat de saber que, independentment de la urg\u00e8ncia o tipus de reparaci\u00f3, sempre estar\u00e0s cobert amb un equip t\u00e8cnic professional i solucions fiables i precises.<\/p>\n\t\t\t\t\t\t\t\t<\/div>\n\t\t\t\t<\/div>\n\t\t\t\t<\/div>\n\t\t\t\t<\/div>\n\t\t\t\t<\/div>\n\t\t<div class=\"elementor-element elementor-element-4941246 e-con-full e-flex e-con e-parent\" data-id=\"4941246\" data-element_type=\"container\">\n\t\t<div class=\"elementor-element elementor-element-68ea791 e-con-full animated-slow e-flex elementor-invisible e-con e-child\" data-id=\"68ea791\" data-element_type=\"container\" data-settings=\"{&quot;background_background&quot;:&quot;classic&quot;,&quot;animation&quot;:&quot;fadeIn&quot;}\">\n\t\t\t\t<div class=\"elementor-element elementor-element-397e97c elementor-widget elementor-widget-heading\" data-id=\"397e97c\" data-element_type=\"widget\" data-widget_type=\"heading.default\">\n\t\t\t\t<div class=\"elementor-widget-container\">\n\t\t\t\t\t<h2 class=\"elementor-heading-title elementor-size-default\">Assegura la teva tranquil\u00b7litat amb un manteniment el\u00e8ctric a mida.<\/h2>\t\t\t\t<\/div>\n\t\t\t\t<\/div>\n\t\t\t\t<div class=\"elementor-element elementor-element-f2b76fb elementor-widget elementor-widget-heading\" data-id=\"f2b76fb\" data-element_type=\"widget\" data-widget_type=\"heading.default\">\n\t\t\t\t<div class=\"elementor-widget-container\">\n\t\t\t\t\t<h2 class=\"elementor-heading-title elementor-size-default\">A 82 Amperis, oferim tres plans adaptats a les teves necessitats, des d'un servei b\u00e0sic fins a una cobertura total.<\/h2>\t\t\t\t<\/div>\n\t\t\t\t<\/div>\n\t\t\t\t<div class=\"elementor-element elementor-element-9ef63a9 elementor-align-justify animated-slow elementor-invisible elementor-widget elementor-widget-button\" data-id=\"9ef63a9\" data-element_type=\"widget\" data-settings=\"{&quot;_animation&quot;:&quot;zoomIn&quot;}\" data-widget_type=\"button.default\">\n\t\t\t\t<div class=\"elementor-widget-container\">\n\t\t\t\t\t\t\t\t\t<div class=\"elementor-button-wrapper\">\n\t\t\t\t\t<a class=\"elementor-button elementor-button-link elementor-size-sm\" href=\"https:\/\/82amperios.com\/ca\/demana-el-teu-pressupost\/\">\n\t\t\t\t\t\t<span class=\"elementor-button-content-wrapper\">\n\t\t\t\t\t\t\t\t\t<span class=\"elementor-button-text\">Demana la teva oferta gratu\u00efta<\/span>\n\t\t\t\t\t<\/span>\n\t\t\t\t\t<\/a>\n\t\t\t\t<\/div>\n\t\t\t\t\t\t\t\t<\/div>\n\t\t\t\t<\/div>\n\t\t\t\t<\/div>\n\t\t\t\t<\/div>\n\t\t\t\t<\/div>\n\t\t","protected":false},"excerpt":{"rendered":"<p>ASSEGURA LA TEVA TRANQUIL\u00b7LITAT I EVITA SUBSTOS INNECESSARIS AMB UN MANTENIMENT A LA TEVA MIDA Cada sistema el\u00e8ctric, sigui de la mida que sigui, ha d&#8217;oferir estabilitat i seguretat en qualsevol situaci\u00f3. A 82 Amperios, sabem que la millor manera d&#8217;evitar sorpreses \u00e9s mantenint la teva instal\u00b7laci\u00f3 el\u00e8ctrica en perfecte estat. Per aix\u00f2, hem dissenyat [&hellip;]<\/p>\n","protected":false},"author":4,"featured_media":1244,"parent":0,"menu_order":0,"comment_status":"closed","ping_status":"closed","template":"","meta":{"footnotes":""},"class_list":["post-942","page","type-page","status-publish","has-post-thumbnail","hentry"],"yoast_head":"<!-- This site is optimized with the Yoast SEO plugin v26.1.1 - https:\/\/yoast.com\/wordpress\/plugins\/seo\/ -->\n<title>Manteniments | 82amperios<\/title>\n<meta name=\"description\" content=\"Assegura la teva instal\u00b7laci\u00f3 el\u00e8ctrica amb els nostres plans de manteniment BASIC, PREMIUM i PLATINUM. Garanties, revisions anuals i assist\u00e8ncia personalitzada.\" \/>\n<meta name=\"robots\" content=\"index, follow, max-snippet:-1, max-image-preview:large, max-video-preview:-1\" \/>\n<link rel=\"canonical\" href=\"https:\/\/82amperios.com\/ca\/manteniments\/\" \/>\n<meta property=\"og:locale\" content=\"ca_ES\" \/>\n<meta property=\"og:type\" content=\"article\" \/>\n<meta property=\"og:title\" content=\"Manteniments | 82amperios\" \/>\n<meta property=\"og:description\" content=\"Assegura la teva instal\u00b7laci\u00f3 el\u00e8ctrica amb els nostres plans de manteniment BASIC, PREMIUM i PLATINUM. Garanties, revisions anuals i assist\u00e8ncia personalitzada.\" \/>\n<meta property=\"og:url\" content=\"https:\/\/82amperios.com\/ca\/manteniments\/\" \/>\n<meta property=\"og:site_name\" content=\"82amperios\" \/>\n<meta property=\"article:modified_time\" content=\"2024-11-05T12:49:04+00:00\" \/>\n<meta property=\"og:image\" content=\"https:\/\/82amperios.com\/wp-content\/uploads\/2024\/11\/Mantenimiento_1x.webp\" \/>\n\t<meta property=\"og:image:width\" content=\"1900\" \/>\n\t<meta property=\"og:image:height\" content=\"721\" \/>\n\t<meta property=\"og:image:type\" content=\"image\/webp\" \/>\n<meta name=\"twitter:card\" content=\"summary_large_image\" \/>\n<meta name=\"twitter:label1\" content=\"Temps estimat de lectura\" \/>\n\t<meta name=\"twitter:data1\" content=\"3 minuts\" \/>\n<script type=\"application\/ld+json\" class=\"yoast-schema-graph\">{\"@context\":\"https:\/\/schema.org\",\"@graph\":[{\"@type\":\"WebPage\",\"@id\":\"https:\/\/82amperios.com\/ca\/manteniments\/\",\"url\":\"https:\/\/82amperios.com\/ca\/manteniments\/\",\"name\":\"Manteniments | 82amperios\",\"isPartOf\":{\"@id\":\"https:\/\/82amperios.com\/ca\/#website\"},\"primaryImageOfPage\":{\"@id\":\"https:\/\/82amperios.com\/ca\/manteniments\/#primaryimage\"},\"image\":{\"@id\":\"https:\/\/82amperios.com\/ca\/manteniments\/#primaryimage\"},\"thumbnailUrl\":\"https:\/\/82amperios.com\/wp-content\/uploads\/2024\/11\/Mantenimiento_1x.webp\",\"datePublished\":\"2024-10-17T10:22:09+00:00\",\"dateModified\":\"2024-11-05T12:49:04+00:00\",\"description\":\"Assegura la teva instal\u00b7laci\u00f3 el\u00e8ctrica amb els nostres plans de manteniment BASIC, PREMIUM i PLATINUM. Garanties, revisions anuals i assist\u00e8ncia personalitzada.\",\"breadcrumb\":{\"@id\":\"https:\/\/82amperios.com\/ca\/manteniments\/#breadcrumb\"},\"inLanguage\":\"ca\",\"potentialAction\":[{\"@type\":\"ReadAction\",\"target\":[\"https:\/\/82amperios.com\/ca\/manteniments\/\"]}]},{\"@type\":\"ImageObject\",\"inLanguage\":\"ca\",\"@id\":\"https:\/\/82amperios.com\/ca\/manteniments\/#primaryimage\",\"url\":\"https:\/\/82amperios.com\/wp-content\/uploads\/2024\/11\/Mantenimiento_1x.webp\",\"contentUrl\":\"https:\/\/82amperios.com\/wp-content\/uploads\/2024\/11\/Mantenimiento_1x.webp\",\"width\":1900,\"height\":721},{\"@type\":\"BreadcrumbList\",\"@id\":\"https:\/\/82amperios.com\/ca\/manteniments\/#breadcrumb\",\"itemListElement\":[{\"@type\":\"ListItem\",\"position\":1,\"name\":\"Portada\",\"item\":\"https:\/\/82amperios.com\/ca\/\"},{\"@type\":\"ListItem\",\"position\":2,\"name\":\"Manteniments\"}]},{\"@type\":\"WebSite\",\"@id\":\"https:\/\/82amperios.com\/ca\/#website\",\"url\":\"https:\/\/82amperios.com\/ca\/\",\"name\":\"82amperios\",\"description\":\"\",\"publisher\":{\"@id\":\"https:\/\/82amperios.com\/ca\/#organization\"},\"alternateName\":\"Servicios El\u00e9ctricos en Palma\",\"potentialAction\":[{\"@type\":\"SearchAction\",\"target\":{\"@type\":\"EntryPoint\",\"urlTemplate\":\"https:\/\/82amperios.com\/ca\/?s={search_term_string}\"},\"query-input\":{\"@type\":\"PropertyValueSpecification\",\"valueRequired\":true,\"valueName\":\"search_term_string\"}}],\"inLanguage\":\"ca\"},{\"@type\":\"Organization\",\"@id\":\"https:\/\/82amperios.com\/ca\/#organization\",\"name\":\"82 Amperios\",\"alternateName\":\"Empresa de Electricidad - 82 Amperios\",\"url\":\"https:\/\/82amperios.com\/ca\/\",\"logo\":{\"@type\":\"ImageObject\",\"inLanguage\":\"ca\",\"@id\":\"https:\/\/82amperios.com\/ca\/#\/schema\/logo\/image\/\",\"url\":\"https:\/\/82amperios.com\/wp-content\/uploads\/2024\/10\/logo-footer.webp\",\"contentUrl\":\"https:\/\/82amperios.com\/wp-content\/uploads\/2024\/10\/logo-footer.webp\",\"width\":143,\"height\":35,\"caption\":\"82 Amperios\"},\"image\":{\"@id\":\"https:\/\/82amperios.com\/ca\/#\/schema\/logo\/image\/\"}}]}<\/script>\n<!-- \/ Yoast SEO plugin. -->","yoast_head_json":{"title":"Manteniments | 82amperios","description":"Assegura la teva instal\u00b7laci\u00f3 el\u00e8ctrica amb els nostres plans de manteniment BASIC, PREMIUM i PLATINUM. Garanties, revisions anuals i assist\u00e8ncia personalitzada.","robots":{"index":"index","follow":"follow","max-snippet":"max-snippet:-1","max-image-preview":"max-image-preview:large","max-video-preview":"max-video-preview:-1"},"canonical":"https:\/\/82amperios.com\/ca\/manteniments\/","og_locale":"ca_ES","og_type":"article","og_title":"Manteniments | 82amperios","og_description":"Assegura la teva instal\u00b7laci\u00f3 el\u00e8ctrica amb els nostres plans de manteniment BASIC, PREMIUM i PLATINUM. Garanties, revisions anuals i assist\u00e8ncia personalitzada.","og_url":"https:\/\/82amperios.com\/ca\/manteniments\/","og_site_name":"82amperios","article_modified_time":"2024-11-05T12:49:04+00:00","og_image":[{"width":1900,"height":721,"url":"https:\/\/82amperios.com\/wp-content\/uploads\/2024\/11\/Mantenimiento_1x.webp","type":"image\/webp"}],"twitter_card":"summary_large_image","twitter_misc":{"Temps estimat de lectura":"3 minuts"},"schema":{"@context":"https:\/\/schema.org","@graph":[{"@type":"WebPage","@id":"https:\/\/82amperios.com\/ca\/manteniments\/","url":"https:\/\/82amperios.com\/ca\/manteniments\/","name":"Manteniments | 82amperios","isPartOf":{"@id":"https:\/\/82amperios.com\/ca\/#website"},"primaryImageOfPage":{"@id":"https:\/\/82amperios.com\/ca\/manteniments\/#primaryimage"},"image":{"@id":"https:\/\/82amperios.com\/ca\/manteniments\/#primaryimage"},"thumbnailUrl":"https:\/\/82amperios.com\/wp-content\/uploads\/2024\/11\/Mantenimiento_1x.webp","datePublished":"2024-10-17T10:22:09+00:00","dateModified":"2024-11-05T12:49:04+00:00","description":"Assegura la teva instal\u00b7laci\u00f3 el\u00e8ctrica amb els nostres plans de manteniment BASIC, PREMIUM i PLATINUM. Garanties, revisions anuals i assist\u00e8ncia personalitzada.","breadcrumb":{"@id":"https:\/\/82amperios.com\/ca\/manteniments\/#breadcrumb"},"inLanguage":"ca","potentialAction":[{"@type":"ReadAction","target":["https:\/\/82amperios.com\/ca\/manteniments\/"]}]},{"@type":"ImageObject","inLanguage":"ca","@id":"https:\/\/82amperios.com\/ca\/manteniments\/#primaryimage","url":"https:\/\/82amperios.com\/wp-content\/uploads\/2024\/11\/Mantenimiento_1x.webp","contentUrl":"https:\/\/82amperios.com\/wp-content\/uploads\/2024\/11\/Mantenimiento_1x.webp","width":1900,"height":721},{"@type":"BreadcrumbList","@id":"https:\/\/82amperios.com\/ca\/manteniments\/#breadcrumb","itemListElement":[{"@type":"ListItem","position":1,"name":"Portada","item":"https:\/\/82amperios.com\/ca\/"},{"@type":"ListItem","position":2,"name":"Manteniments"}]},{"@type":"WebSite","@id":"https:\/\/82amperios.com\/ca\/#website","url":"https:\/\/82amperios.com\/ca\/","name":"82amperios","description":"","publisher":{"@id":"https:\/\/82amperios.com\/ca\/#organization"},"alternateName":"Servicios El\u00e9ctricos en Palma","potentialAction":[{"@type":"SearchAction","target":{"@type":"EntryPoint","urlTemplate":"https:\/\/82amperios.com\/ca\/?s={search_term_string}"},"query-input":{"@type":"PropertyValueSpecification","valueRequired":true,"valueName":"search_term_string"}}],"inLanguage":"ca"},{"@type":"Organization","@id":"https:\/\/82amperios.com\/ca\/#organization","name":"82 Amperios","alternateName":"Empresa de Electricidad - 82 Amperios","url":"https:\/\/82amperios.com\/ca\/","logo":{"@type":"ImageObject","inLanguage":"ca","@id":"https:\/\/82amperios.com\/ca\/#\/schema\/logo\/image\/","url":"https:\/\/82amperios.com\/wp-content\/uploads\/2024\/10\/logo-footer.webp","contentUrl":"https:\/\/82amperios.com\/wp-content\/uploads\/2024\/10\/logo-footer.webp","width":143,"height":35,"caption":"82 Amperios"},"image":{"@id":"https:\/\/82amperios.com\/ca\/#\/schema\/logo\/image\/"}}]}},"_links":{"self":[{"href":"https:\/\/82amperios.com\/ca\/wp-json\/wp\/v2\/pages\/942","targetHints":{"allow":["GET"]}}],"collection":[{"href":"https:\/\/82amperios.com\/ca\/wp-json\/wp\/v2\/pages"}],"about":[{"href":"https:\/\/82amperios.com\/ca\/wp-json\/wp\/v2\/types\/page"}],"author":[{"embeddable":true,"href":"https:\/\/82amperios.com\/ca\/wp-json\/wp\/v2\/users\/4"}],"replies":[{"embeddable":true,"href":"https:\/\/82amperios.com\/ca\/wp-json\/wp\/v2\/comments?post=942"}],"version-history":[{"count":6,"href":"https:\/\/82amperios.com\/ca\/wp-json\/wp\/v2\/pages\/942\/revisions"}],"predecessor-version":[{"id":1447,"href":"https:\/\/82amperios.com\/ca\/wp-json\/wp\/v2\/pages\/942\/revisions\/1447"}],"wp:featuredmedia":[{"embeddable":true,"href":"https:\/\/82amperios.com\/ca\/wp-json\/wp\/v2\/media\/1244"}],"wp:attachment":[{"href":"https:\/\/82amperios.com\/ca\/wp-json\/wp\/v2\/media?parent=942"}],"curies":[{"name":"wp","href":"https:\/\/api.w.org\/{rel}","templated":true}]}}