{"id":938,"date":"2024-10-16T11:47:02","date_gmt":"2024-10-16T09:47:02","guid":{"rendered":"http:\/\/82amperios.disstintbeta.com\/inici\/"},"modified":"2024-11-05T11:53:38","modified_gmt":"2024-11-05T10:53:38","slug":"inici","status":"publish","type":"page","link":"https:\/\/82amperios.com\/ca\/","title":{"rendered":"Inici"},"content":{"rendered":"\t\t<div data-elementor-type=\"wp-page\" data-elementor-id=\"938\" class=\"elementor elementor-938 elementor-2\" data-elementor-post-type=\"page\">\n\t\t\t\t<div class=\"elementor-element elementor-element-d7633ae e-con-full e-flex elementor-invisible e-con e-parent\" data-id=\"d7633ae\" data-element_type=\"container\" data-settings=\"{&quot;background_background&quot;:&quot;classic&quot;,&quot;animation&quot;:&quot;fadeIn&quot;}\">\n\t\t\t\t<div class=\"elementor-element elementor-element-daef67b elementor-widget__width-initial elementor-widget elementor-widget-heading\" data-id=\"daef67b\" data-element_type=\"widget\" data-widget_type=\"heading.default\">\n\t\t\t\t<div class=\"elementor-widget-container\">\n\t\t\t\t\t<h1 class=\"elementor-heading-title elementor-size-default\">Energia immediata, solucions sense interrupcions<\/h1>\t\t\t\t<\/div>\n\t\t\t\t<\/div>\n\t\t\t\t<\/div>\n\t\t<div class=\"elementor-element elementor-element-adde925 e-con-full banners e-flex e-con e-parent\" data-id=\"adde925\" data-element_type=\"container\">\n\t\t<div class=\"elementor-element elementor-element-f558c4b e-con-full e-flex e-con e-child\" data-id=\"f558c4b\" data-element_type=\"container\">\n\t\t<div class=\"elementor-element elementor-element-073388e e-con-full e-flex elementor-invisible e-con e-child\" data-id=\"073388e\" data-element_type=\"container\" data-settings=\"{&quot;background_background&quot;:&quot;classic&quot;,&quot;animation&quot;:&quot;zoomIn&quot;}\">\n\t\t\t\t<div class=\"elementor-element elementor-element-e54dcda elementor-widget elementor-widget-heading\" data-id=\"e54dcda\" data-element_type=\"widget\" data-widget_type=\"heading.default\">\n\t\t\t\t<div class=\"elementor-widget-container\">\n\t\t\t\t\t<h2 class=\"elementor-heading-title elementor-size-default\"><a href=\"https:\/\/82amperios.com\/asesoria-energetica\/\">Energia<\/a><\/h2>\t\t\t\t<\/div>\n\t\t\t\t<\/div>\n\t\t\t\t<div class=\"elementor-element elementor-element-82d578c enlaces elementor-widget elementor-widget-text-editor\" data-id=\"82d578c\" data-element_type=\"widget\" data-widget_type=\"text-editor.default\">\n\t\t\t\t<div class=\"elementor-widget-container\">\n\t\t\t\t\t\t\t\t\t<p><a href=\"http:\/\/82amperios.disstintbeta.com\/ca\/demana-la-teva-comparativa\/\"><span style=\"text-decoration: underline;\">Demana la teva comparativa<\/span><\/a><\/p>\n\t\t\t\t\t\t\t\t<\/div>\n\t\t\t\t<\/div>\n\t\t\t\t<div class=\"elementor-element elementor-element-2a0c829 elementor-view-stacked elementor-absolute icono elementor-shape-circle elementor-widget elementor-widget-icon\" data-id=\"2a0c829\" data-element_type=\"widget\" data-settings=\"{&quot;_position&quot;:&quot;absolute&quot;}\" data-widget_type=\"icon.default\">\n\t\t\t\t<div class=\"elementor-widget-container\">\n\t\t\t\t\t\t\t<div class=\"elementor-icon-wrapper\">\n\t\t\t<a class=\"elementor-icon\" href=\"https:\/\/82amperios.com\/asesoria-energetica\/\">\n\t\t\t<svg aria-hidden=\"true\" class=\"e-font-icon-svg e-fas-plus\" viewBox=\"0 0 448 512\" xmlns=\"http:\/\/www.w3.org\/2000\/svg\"><path d=\"M416 208H272V64c0-17.67-14.33-32-32-32h-32c-17.67 0-32 14.33-32 32v144H32c-17.67 0-32 14.33-32 32v32c0 17.67 14.33 32 32 32h144v144c0 17.67 14.33 32 32 32h32c17.67 0 32-14.33 32-32V304h144c17.67 0 32-14.33 32-32v-32c0-17.67-14.33-32-32-32z\"><\/path><\/svg>\t\t\t<\/a>\n\t\t<\/div>\n\t\t\t\t\t\t<\/div>\n\t\t\t\t<\/div>\n\t\t\t\t<\/div>\n\t\t<div class=\"elementor-element elementor-element-c5800fd e-con-full e-flex elementor-invisible e-con e-child\" data-id=\"c5800fd\" data-element_type=\"container\" data-settings=\"{&quot;background_background&quot;:&quot;classic&quot;,&quot;animation&quot;:&quot;zoomIn&quot;,&quot;animation_delay&quot;:500}\">\n\t\t\t\t<div class=\"elementor-element elementor-element-82fade7 elementor-widget elementor-widget-heading\" data-id=\"82fade7\" data-element_type=\"widget\" data-widget_type=\"heading.default\">\n\t\t\t\t<div class=\"elementor-widget-container\">\n\t\t\t\t\t<h2 class=\"elementor-heading-title elementor-size-default\">Electricitat<\/h2>\t\t\t\t<\/div>\n\t\t\t\t<\/div>\n\t\t\t\t<div class=\"elementor-element elementor-element-0ef5ca9 enlaces elementor-widget elementor-widget-text-editor\" data-id=\"0ef5ca9\" data-element_type=\"widget\" data-widget_type=\"text-editor.default\">\n\t\t\t\t<div class=\"elementor-widget-container\">\n\t\t\t\t\t\t\t\t\t<p><a href=\"http:\/\/82amperios.disstintbeta.com\/ca\/demana-el-teu-pressupost\/\"><span style=\"text-decoration: underline;\">Demana el teu pressupost<\/span><\/a><\/p>\n\t\t\t\t\t\t\t\t<\/div>\n\t\t\t\t<\/div>\n\t\t\t\t<div class=\"elementor-element elementor-element-946e423 elementor-view-stacked elementor-absolute icono elementor-shape-circle elementor-widget elementor-widget-icon\" data-id=\"946e423\" data-element_type=\"widget\" data-settings=\"{&quot;_position&quot;:&quot;absolute&quot;}\" data-widget_type=\"icon.default\">\n\t\t\t\t<div class=\"elementor-widget-container\">\n\t\t\t\t\t\t\t<div class=\"elementor-icon-wrapper\">\n\t\t\t<div class=\"elementor-icon\">\n\t\t\t<svg aria-hidden=\"true\" class=\"e-font-icon-svg e-fas-plus\" viewBox=\"0 0 448 512\" xmlns=\"http:\/\/www.w3.org\/2000\/svg\"><path d=\"M416 208H272V64c0-17.67-14.33-32-32-32h-32c-17.67 0-32 14.33-32 32v144H32c-17.67 0-32 14.33-32 32v32c0 17.67 14.33 32 32 32h144v144c0 17.67 14.33 32 32 32h32c17.67 0 32-14.33 32-32V304h144c17.67 0 32-14.33 32-32v-32c0-17.67-14.33-32-32-32z\"><\/path><\/svg>\t\t\t<\/div>\n\t\t<\/div>\n\t\t\t\t\t\t<\/div>\n\t\t\t\t<\/div>\n\t\t\t\t<\/div>\n\t\t\t\t<\/div>\n\t\t<div class=\"elementor-element elementor-element-447d883 e-con-full e-flex e-con e-child\" data-id=\"447d883\" data-element_type=\"container\">\n\t\t<div class=\"elementor-element elementor-element-44b1604 e-con-full e-flex elementor-invisible e-con e-child\" data-id=\"44b1604\" data-element_type=\"container\" data-settings=\"{&quot;background_background&quot;:&quot;classic&quot;,&quot;animation&quot;:&quot;zoomIn&quot;,&quot;animation_delay&quot;:1000}\">\n\t\t\t\t<div class=\"elementor-element elementor-element-4d0fbed elementor-widget elementor-widget-heading\" data-id=\"4d0fbed\" data-element_type=\"widget\" data-widget_type=\"heading.default\">\n\t\t\t\t<div class=\"elementor-widget-container\">\n\t\t\t\t\t<h2 class=\"elementor-heading-title elementor-size-default\"><a href=\"https:\/\/82amperios.com\/presupuesto-electricista-mallorca\/\">Pressupostos amb comprom\u00eds<\/a><\/h2>\t\t\t\t<\/div>\n\t\t\t\t<\/div>\n\t\t\t\t<div class=\"elementor-element elementor-element-d6c6f3b enlaces elementor-widget elementor-widget-text-editor\" data-id=\"d6c6f3b\" data-element_type=\"widget\" data-widget_type=\"text-editor.default\">\n\t\t\t\t<div class=\"elementor-widget-container\">\n\t\t\t\t\t\t\t\t\t<p><a href=\"http:\/\/82amperios.disstintbeta.com\/ca\/insercio-social\/\"><span style=\"text-decoration: underline;\">Coneix la nostra part social<\/span><\/a><\/p>\n\t\t\t\t\t\t\t\t<\/div>\n\t\t\t\t<\/div>\n\t\t\t\t<div class=\"elementor-element elementor-element-0232473 elementor-view-stacked elementor-absolute icono elementor-shape-circle elementor-widget elementor-widget-icon\" data-id=\"0232473\" data-element_type=\"widget\" data-settings=\"{&quot;_position&quot;:&quot;absolute&quot;}\" data-widget_type=\"icon.default\">\n\t\t\t\t<div class=\"elementor-widget-container\">\n\t\t\t\t\t\t\t<div class=\"elementor-icon-wrapper\">\n\t\t\t<a class=\"elementor-icon\" href=\"https:\/\/82amperios.com\/presupuesto-electricista-mallorca\/\">\n\t\t\t<svg aria-hidden=\"true\" class=\"e-font-icon-svg e-fas-plus\" viewBox=\"0 0 448 512\" xmlns=\"http:\/\/www.w3.org\/2000\/svg\"><path d=\"M416 208H272V64c0-17.67-14.33-32-32-32h-32c-17.67 0-32 14.33-32 32v144H32c-17.67 0-32 14.33-32 32v32c0 17.67 14.33 32 32 32h144v144c0 17.67 14.33 32 32 32h32c17.67 0 32-14.33 32-32V304h144c17.67 0 32-14.33 32-32v-32c0-17.67-14.33-32-32-32z\"><\/path><\/svg>\t\t\t<\/a>\n\t\t<\/div>\n\t\t\t\t\t\t<\/div>\n\t\t\t\t<\/div>\n\t\t\t\t<\/div>\n\t\t<div class=\"elementor-element elementor-element-db5d4d6 e-con-full e-flex elementor-invisible e-con e-child\" data-id=\"db5d4d6\" data-element_type=\"container\" data-settings=\"{&quot;background_background&quot;:&quot;classic&quot;,&quot;animation&quot;:&quot;zoomIn&quot;,&quot;animation_delay&quot;:1500}\">\n\t\t\t\t<div class=\"elementor-element elementor-element-ec350e9 elementor-widget elementor-widget-heading\" data-id=\"ec350e9\" data-element_type=\"widget\" data-widget_type=\"heading.default\">\n\t\t\t\t<div class=\"elementor-widget-container\">\n\t\t\t\t\t<h2 class=\"elementor-heading-title elementor-size-default\"><a href=\"https:\/\/82amperios.com\/urgencias-24h\/\">Urg\u00e8ncies el\u00e8ctriques 24h<\/a><\/h2>\t\t\t\t<\/div>\n\t\t\t\t<\/div>\n\t\t\t\t<div class=\"elementor-element elementor-element-45ff8ae enlaces elementor-widget elementor-widget-text-editor\" data-id=\"45ff8ae\" data-element_type=\"widget\" data-widget_type=\"text-editor.default\">\n\t\t\t\t<div class=\"elementor-widget-container\">\n\t\t\t\t\t\t\t\t\t<p><a href=\"tel:871 %2095% 2036%2074\"><span style=\"text-decoration: underline;\">Truca&#8217;ns<\/span><\/a><\/p>\n\t\t\t\t\t\t\t\t<\/div>\n\t\t\t\t<\/div>\n\t\t\t\t<div class=\"elementor-element elementor-element-aba4260 elementor-view-stacked elementor-absolute icono elementor-shape-circle elementor-widget elementor-widget-icon\" data-id=\"aba4260\" data-element_type=\"widget\" data-settings=\"{&quot;_position&quot;:&quot;absolute&quot;}\" data-widget_type=\"icon.default\">\n\t\t\t\t<div class=\"elementor-widget-container\">\n\t\t\t\t\t\t\t<div class=\"elementor-icon-wrapper\">\n\t\t\t<a class=\"elementor-icon\" href=\"https:\/\/82amperios.com\/urgencias-24h\/\">\n\t\t\t<svg aria-hidden=\"true\" class=\"e-font-icon-svg e-fas-plus\" viewBox=\"0 0 448 512\" xmlns=\"http:\/\/www.w3.org\/2000\/svg\"><path d=\"M416 208H272V64c0-17.67-14.33-32-32-32h-32c-17.67 0-32 14.33-32 32v144H32c-17.67 0-32 14.33-32 32v32c0 17.67 14.33 32 32 32h144v144c0 17.67 14.33 32 32 32h32c17.67 0 32-14.33 32-32V304h144c17.67 0 32-14.33 32-32v-32c0-17.67-14.33-32-32-32z\"><\/path><\/svg>\t\t\t<\/a>\n\t\t<\/div>\n\t\t\t\t\t\t<\/div>\n\t\t\t\t<\/div>\n\t\t\t\t<\/div>\n\t\t\t\t<\/div>\n\t\t\t\t<\/div>\n\t\t<div class=\"elementor-element elementor-element-90d1eea e-con-full e-flex e-con e-parent\" data-id=\"90d1eea\" data-element_type=\"container\">\n\t\t<div class=\"elementor-element elementor-element-03f975c e-con-full elementor-hidden-mobile e-flex elementor-invisible e-con e-child\" data-id=\"03f975c\" data-element_type=\"container\" data-settings=\"{&quot;background_background&quot;:&quot;classic&quot;,&quot;animation&quot;:&quot;fadeInLeft&quot;}\">\n\t\t\t\t<\/div>\n\t\t<div class=\"elementor-element elementor-element-4e7b75b e-con-full e-flex elementor-invisible e-con e-child\" data-id=\"4e7b75b\" data-element_type=\"container\" data-settings=\"{&quot;animation&quot;:&quot;zoomIn&quot;}\">\n\t\t\t\t<div class=\"elementor-element elementor-element-bab28ab elementor-widget elementor-widget-heading\" data-id=\"bab28ab\" data-element_type=\"widget\" data-widget_type=\"heading.default\">\n\t\t\t\t<div class=\"elementor-widget-container\">\n\t\t\t\t\t<h2 class=\"elementor-heading-title elementor-size-default\">Testimonis<\/h2>\t\t\t\t<\/div>\n\t\t\t\t<\/div>\n\t\t\t\t<div class=\"elementor-element elementor-element-a8fdc13 elementor-testimonial--skin-default elementor-testimonial--layout-image_inline elementor-testimonial--align-center elementor-arrows-yes elementor-pagination-type-bullets elementor-widget elementor-widget-testimonial-carousel\" data-id=\"a8fdc13\" data-element_type=\"widget\" data-settings=\"{&quot;lazyload&quot;:&quot;yes&quot;,&quot;show_arrows&quot;:&quot;yes&quot;,&quot;pagination&quot;:&quot;bullets&quot;,&quot;speed&quot;:500,&quot;autoplay&quot;:&quot;yes&quot;,&quot;autoplay_speed&quot;:5000,&quot;loop&quot;:&quot;yes&quot;,&quot;pause_on_hover&quot;:&quot;yes&quot;,&quot;pause_on_interaction&quot;:&quot;yes&quot;,&quot;space_between&quot;:{&quot;unit&quot;:&quot;px&quot;,&quot;size&quot;:10,&quot;sizes&quot;:[]},&quot;space_between_tablet&quot;:{&quot;unit&quot;:&quot;px&quot;,&quot;size&quot;:10,&quot;sizes&quot;:[]},&quot;space_between_mobile&quot;:{&quot;unit&quot;:&quot;px&quot;,&quot;size&quot;:10,&quot;sizes&quot;:[]}}\" data-widget_type=\"testimonial-carousel.default\">\n\t\t\t\t<div class=\"elementor-widget-container\">\n\t\t\t\t\t\t\t\t\t<div class=\"elementor-swiper\">\n\t\t\t\t\t<div class=\"elementor-main-swiper swiper\" role=\"region\" aria-roledescription=\"carousel\" aria-label=\"Diapositives\">\n\t\t\t\t<div class=\"swiper-wrapper\">\n\t\t\t\t\t\t\t\t\t\t\t<div class=\"swiper-slide\" role=\"group\" aria-roledescription=\"slide\">\n\t\t\t\t\t\t\t\t\t<div class=\"elementor-testimonial\">\n\t\t\t\t\t\t\t<div class=\"elementor-testimonial__content\">\n\t\t\t\t\t<div class=\"elementor-testimonial__text\">\n\t\t\t\t\t\t<p>En Rafael ens ha penjat uns llums avui que han quedat molt b\u00e9 i ens ha donat bons consells.<br \/>\n Ens ha semblat molt b\u00e9 professional.<br \/>\n Sens dubte tornarem a contactar amb ells quan necessitem un electricista.<\/p>\n\t\t\t\t\t<\/div>\n\t\t\t\t\t\t\t\t\t<\/div>\n\t\t\t\t\t\t<div class=\"elementor-testimonial__footer\">\n\t\t\t\t\t\t\t\t<cite class=\"elementor-testimonial__cite\"><span class=\"elementor-testimonial__name\">Maria Llu\u00efsa Vidal<\/span><\/cite>\t\t\t<\/div>\n\t\t<\/div>\n\t\t\t\t\t\t\t\t<\/div>\n\t\t\t\t\t\t\t\t\t\t\t<div class=\"swiper-slide\" role=\"group\" aria-roledescription=\"slide\">\n\t\t\t\t\t\t\t\t\t<div class=\"elementor-testimonial\">\n\t\t\t\t\t\t\t<div class=\"elementor-testimonial__content\">\n\t\t\t\t\t<div class=\"elementor-testimonial__text\">\n\t\t\t\t\t\t<p>S\u00f3n uns grans professionals que sempre estan disponibles quan m\u00e9s ho necessites.<\/p>\n\t\t\t\t\t<\/div>\n\t\t\t\t\t\t\t\t\t<\/div>\n\t\t\t\t\t\t<div class=\"elementor-testimonial__footer\">\n\t\t\t\t\t\t\t\t<cite class=\"elementor-testimonial__cite\"><span class=\"elementor-testimonial__name\">Antonio Rodr\u00edguez<\/span><\/cite>\t\t\t<\/div>\n\t\t<\/div>\n\t\t\t\t\t\t\t\t<\/div>\n\t\t\t\t\t\t\t\t\t\t\t<div class=\"swiper-slide\" role=\"group\" aria-roledescription=\"slide\">\n\t\t\t\t\t\t\t\t\t<div class=\"elementor-testimonial\">\n\t\t\t\t\t\t\t<div class=\"elementor-testimonial__content\">\n\t\t\t\t\t<div class=\"elementor-testimonial__text\">\n\t\t\t\t\t\t<p>Si tens una urg\u00e8ncia, no dubtis a contactar-hi. Rapidesa i qualitat de servei. Un 10.  <\/p>\n\t\t\t\t\t<\/div>\n\t\t\t\t\t\t\t\t\t<\/div>\n\t\t\t\t\t\t<div class=\"elementor-testimonial__footer\">\n\t\t\t\t\t\t\t\t<cite class=\"elementor-testimonial__cite\"><span class=\"elementor-testimonial__name\">Sofia Martinez<\/span><\/cite>\t\t\t<\/div>\n\t\t<\/div>\n\t\t\t\t\t\t\t\t<\/div>\n\t\t\t\t\t\t\t\t\t<\/div>\n\t\t\t\t\t\t\t\t\t\t\t\t\t\t\t<div class=\"elementor-swiper-button elementor-swiper-button-prev\" role=\"button\" tabindex=\"0\" aria-label=\"Previous\">\n\t\t\t\t\t\t\t<svg aria-hidden=\"true\" class=\"e-font-icon-svg e-eicon-chevron-left\" viewBox=\"0 0 1000 1000\" xmlns=\"http:\/\/www.w3.org\/2000\/svg\"><path d=\"M646 125C629 125 613 133 604 142L308 442C296 454 292 471 292 487 292 504 296 521 308 533L604 854C617 867 629 875 646 875 663 875 679 871 692 858 704 846 713 829 713 812 713 796 708 779 692 767L438 487 692 225C700 217 708 204 708 187 708 171 704 154 692 142 675 129 663 125 646 125Z\"><\/path><\/svg>\t\t\t\t\t\t<\/div>\n\t\t\t\t\t\t<div class=\"elementor-swiper-button elementor-swiper-button-next\" role=\"button\" tabindex=\"0\" aria-label=\"Next\">\n\t\t\t\t\t\t\t<svg aria-hidden=\"true\" class=\"e-font-icon-svg e-eicon-chevron-right\" viewBox=\"0 0 1000 1000\" xmlns=\"http:\/\/www.w3.org\/2000\/svg\"><path d=\"M696 533C708 521 713 504 713 487 713 471 708 454 696 446L400 146C388 133 375 125 354 125 338 125 325 129 313 142 300 154 292 171 292 187 292 204 296 221 308 233L563 492 304 771C292 783 288 800 288 817 288 833 296 850 308 863 321 871 338 875 354 875 371 875 388 867 400 854L696 533Z\"><\/path><\/svg>\t\t\t\t\t\t<\/div>\n\t\t\t\t\t\t\t\t\t\t\t\t\t\t\t\t<div class=\"swiper-pagination\"><\/div>\n\t\t\t\t\t\t\t\t\t\t\t\t<\/div>\n\t\t\t\t<\/div>\n\t\t\t\t\t\t\t\t<\/div>\n\t\t\t\t<\/div>\n\t\t\t\t<\/div>\n\t\t<div class=\"elementor-element elementor-element-d028353 e-con-full elementor-hidden-mobile e-flex elementor-invisible e-con e-child\" data-id=\"d028353\" data-element_type=\"container\" data-settings=\"{&quot;background_background&quot;:&quot;classic&quot;,&quot;animation&quot;:&quot;fadeInRight&quot;}\">\n\t\t\t\t<\/div>\n\t\t\t\t<\/div>\n\t\t\t\t<\/div>\n\t\t","protected":false},"excerpt":{"rendered":"<p>Energia immediata, solucions sense interrupcions Energia Demana la teva comparativa Electricitat Demana el teu pressupost Pressupostos amb comprom\u00eds Coneix la nostra part social Urg\u00e8ncies el\u00e8ctriques 24h Truca&#8217;ns Testimonis En Rafael ens ha penjat uns llums avui que han quedat molt b\u00e9 i ens ha donat bons consells. Ens ha semblat molt b\u00e9 professional. Sens dubte [&hellip;]<\/p>\n","protected":false},"author":4,"featured_media":0,"parent":0,"menu_order":0,"comment_status":"closed","ping_status":"closed","template":"","meta":{"footnotes":""},"class_list":["post-938","page","type-page","status-publish","hentry"],"yoast_head":"<!-- This site is optimized with the Yoast SEO plugin v26.1.1 - https:\/\/yoast.com\/wordpress\/plugins\/seo\/ -->\n<title>82 Ampers | Energia, electricitat i resoluci\u00f3 d&#039;avaries 24h<\/title>\n<meta name=\"description\" content=\"82 Ampers estem especialitzats en la resoluci\u00f3 d&#039;avaries urgents i durant les 24 hores del dia, tant per a particulars, PIMES o asseguradores.\" \/>\n<meta name=\"robots\" content=\"index, follow, max-snippet:-1, max-image-preview:large, max-video-preview:-1\" \/>\n<link rel=\"canonical\" href=\"https:\/\/82amperios.com\/ca\/\" \/>\n<meta property=\"og:locale\" content=\"ca_ES\" \/>\n<meta property=\"og:type\" content=\"article\" \/>\n<meta property=\"og:title\" content=\"82 Ampers | Energia, electricitat i resoluci\u00f3 d&#039;avaries 24h\" \/>\n<meta property=\"og:description\" content=\"82 Ampers estem especialitzats en la resoluci\u00f3 d&#039;avaries urgents i durant les 24 hores del dia, tant per a particulars, PIMES o asseguradores.\" \/>\n<meta property=\"og:url\" content=\"https:\/\/82amperios.com\/ca\/\" \/>\n<meta property=\"og:site_name\" content=\"82amperios\" \/>\n<meta property=\"article:modified_time\" content=\"2024-11-05T10:53:38+00:00\" \/>\n<meta name=\"twitter:card\" content=\"summary_large_image\" \/>\n<meta name=\"twitter:label1\" content=\"Temps estimat de lectura\" \/>\n\t<meta name=\"twitter:data1\" content=\"1 minut\" \/>\n<script type=\"application\/ld+json\" class=\"yoast-schema-graph\">{\"@context\":\"https:\/\/schema.org\",\"@graph\":[{\"@type\":\"WebPage\",\"@id\":\"https:\/\/82amperios.com\/ca\/\",\"url\":\"https:\/\/82amperios.com\/ca\/\",\"name\":\"82 Ampers | Energia, electricitat i resoluci\u00f3 d'avaries 24h\",\"isPartOf\":{\"@id\":\"https:\/\/82amperios.com\/ca\/#website\"},\"datePublished\":\"2024-10-16T09:47:02+00:00\",\"dateModified\":\"2024-11-05T10:53:38+00:00\",\"description\":\"82 Ampers estem especialitzats en la resoluci\u00f3 d'avaries urgents i durant les 24 hores del dia, tant per a particulars, PIMES o asseguradores.\",\"breadcrumb\":{\"@id\":\"https:\/\/82amperios.com\/ca\/#breadcrumb\"},\"inLanguage\":\"ca\",\"potentialAction\":[{\"@type\":\"ReadAction\",\"target\":[\"https:\/\/82amperios.com\/ca\/\"]}]},{\"@type\":\"BreadcrumbList\",\"@id\":\"https:\/\/82amperios.com\/ca\/#breadcrumb\",\"itemListElement\":[{\"@type\":\"ListItem\",\"position\":1,\"name\":\"Portada\",\"item\":\"https:\/\/82amperios.com\/ca\/\"},{\"@type\":\"ListItem\",\"position\":2,\"name\":\"Inici\"}]},{\"@type\":\"WebSite\",\"@id\":\"https:\/\/82amperios.com\/ca\/#website\",\"url\":\"https:\/\/82amperios.com\/ca\/\",\"name\":\"82amperios\",\"description\":\"\",\"publisher\":{\"@id\":\"https:\/\/82amperios.com\/ca\/#organization\"},\"alternateName\":\"Servicios El\u00e9ctricos en Palma\",\"potentialAction\":[{\"@type\":\"SearchAction\",\"target\":{\"@type\":\"EntryPoint\",\"urlTemplate\":\"https:\/\/82amperios.com\/ca\/?s={search_term_string}\"},\"query-input\":{\"@type\":\"PropertyValueSpecification\",\"valueRequired\":true,\"valueName\":\"search_term_string\"}}],\"inLanguage\":\"ca\"},{\"@type\":\"Organization\",\"@id\":\"https:\/\/82amperios.com\/ca\/#organization\",\"name\":\"82 Amperios\",\"alternateName\":\"Empresa de Electricidad - 82 Amperios\",\"url\":\"https:\/\/82amperios.com\/ca\/\",\"logo\":{\"@type\":\"ImageObject\",\"inLanguage\":\"ca\",\"@id\":\"https:\/\/82amperios.com\/ca\/#\/schema\/logo\/image\/\",\"url\":\"https:\/\/82amperios.com\/wp-content\/uploads\/2024\/10\/logo-footer.webp\",\"contentUrl\":\"https:\/\/82amperios.com\/wp-content\/uploads\/2024\/10\/logo-footer.webp\",\"width\":143,\"height\":35,\"caption\":\"82 Amperios\"},\"image\":{\"@id\":\"https:\/\/82amperios.com\/ca\/#\/schema\/logo\/image\/\"}}]}<\/script>\n<!-- \/ Yoast SEO plugin. -->","yoast_head_json":{"title":"82 Ampers | Energia, electricitat i resoluci\u00f3 d'avaries 24h","description":"82 Ampers estem especialitzats en la resoluci\u00f3 d'avaries urgents i durant les 24 hores del dia, tant per a particulars, PIMES o asseguradores.","robots":{"index":"index","follow":"follow","max-snippet":"max-snippet:-1","max-image-preview":"max-image-preview:large","max-video-preview":"max-video-preview:-1"},"canonical":"https:\/\/82amperios.com\/ca\/","og_locale":"ca_ES","og_type":"article","og_title":"82 Ampers | Energia, electricitat i resoluci\u00f3 d'avaries 24h","og_description":"82 Ampers estem especialitzats en la resoluci\u00f3 d'avaries urgents i durant les 24 hores del dia, tant per a particulars, PIMES o asseguradores.","og_url":"https:\/\/82amperios.com\/ca\/","og_site_name":"82amperios","article_modified_time":"2024-11-05T10:53:38+00:00","twitter_card":"summary_large_image","twitter_misc":{"Temps estimat de lectura":"1 minut"},"schema":{"@context":"https:\/\/schema.org","@graph":[{"@type":"WebPage","@id":"https:\/\/82amperios.com\/ca\/","url":"https:\/\/82amperios.com\/ca\/","name":"82 Ampers | Energia, electricitat i resoluci\u00f3 d'avaries 24h","isPartOf":{"@id":"https:\/\/82amperios.com\/ca\/#website"},"datePublished":"2024-10-16T09:47:02+00:00","dateModified":"2024-11-05T10:53:38+00:00","description":"82 Ampers estem especialitzats en la resoluci\u00f3 d'avaries urgents i durant les 24 hores del dia, tant per a particulars, PIMES o asseguradores.","breadcrumb":{"@id":"https:\/\/82amperios.com\/ca\/#breadcrumb"},"inLanguage":"ca","potentialAction":[{"@type":"ReadAction","target":["https:\/\/82amperios.com\/ca\/"]}]},{"@type":"BreadcrumbList","@id":"https:\/\/82amperios.com\/ca\/#breadcrumb","itemListElement":[{"@type":"ListItem","position":1,"name":"Portada","item":"https:\/\/82amperios.com\/ca\/"},{"@type":"ListItem","position":2,"name":"Inici"}]},{"@type":"WebSite","@id":"https:\/\/82amperios.com\/ca\/#website","url":"https:\/\/82amperios.com\/ca\/","name":"82amperios","description":"","publisher":{"@id":"https:\/\/82amperios.com\/ca\/#organization"},"alternateName":"Servicios El\u00e9ctricos en Palma","potentialAction":[{"@type":"SearchAction","target":{"@type":"EntryPoint","urlTemplate":"https:\/\/82amperios.com\/ca\/?s={search_term_string}"},"query-input":{"@type":"PropertyValueSpecification","valueRequired":true,"valueName":"search_term_string"}}],"inLanguage":"ca"},{"@type":"Organization","@id":"https:\/\/82amperios.com\/ca\/#organization","name":"82 Amperios","alternateName":"Empresa de Electricidad - 82 Amperios","url":"https:\/\/82amperios.com\/ca\/","logo":{"@type":"ImageObject","inLanguage":"ca","@id":"https:\/\/82amperios.com\/ca\/#\/schema\/logo\/image\/","url":"https:\/\/82amperios.com\/wp-content\/uploads\/2024\/10\/logo-footer.webp","contentUrl":"https:\/\/82amperios.com\/wp-content\/uploads\/2024\/10\/logo-footer.webp","width":143,"height":35,"caption":"82 Amperios"},"image":{"@id":"https:\/\/82amperios.com\/ca\/#\/schema\/logo\/image\/"}}]}},"_links":{"self":[{"href":"https:\/\/82amperios.com\/ca\/wp-json\/wp\/v2\/pages\/938","targetHints":{"allow":["GET"]}}],"collection":[{"href":"https:\/\/82amperios.com\/ca\/wp-json\/wp\/v2\/pages"}],"about":[{"href":"https:\/\/82amperios.com\/ca\/wp-json\/wp\/v2\/types\/page"}],"author":[{"embeddable":true,"href":"https:\/\/82amperios.com\/ca\/wp-json\/wp\/v2\/users\/4"}],"replies":[{"embeddable":true,"href":"https:\/\/82amperios.com\/ca\/wp-json\/wp\/v2\/comments?post=938"}],"version-history":[{"count":8,"href":"https:\/\/82amperios.com\/ca\/wp-json\/wp\/v2\/pages\/938\/revisions"}],"predecessor-version":[{"id":1270,"href":"https:\/\/82amperios.com\/ca\/wp-json\/wp\/v2\/pages\/938\/revisions\/1270"}],"wp:attachment":[{"href":"https:\/\/82amperios.com\/ca\/wp-json\/wp\/v2\/media?parent=938"}],"curies":[{"name":"wp","href":"https:\/\/api.w.org\/{rel}","templated":true}]}}